{"id":123,"date":"2015-11-02T09:04:55","date_gmt":"2015-11-02T09:04:55","guid":{"rendered":"http:\/\/terapie.prestashop-servis.cz\/?page_id=123"},"modified":"2020-04-26T21:06:47","modified_gmt":"2020-04-26T21:06:47","slug":"kontakt","status":"publish","type":"page","link":"https:\/\/www.andelskaduchovniterapie.cz\/?page_id=123","title":{"rendered":"Kontakt"},"content":{"rendered":"\n<p>Petra Dopir\u00e1kov\u00e1 Tich\u00e1<br>\u00dalehlova 239\/4<br>Ostrava &#8211; Hrab\u016fvka<br>700 30<\/p>\n\n\n\n<p>Mob: 603 343 526<br>Tel: 595 170 181<br>Email: <a href=\"mailto:\">andelskaduchovniterapie@volny.cz<\/a><\/p>\n\n\n\n<p>Skype: andelskaduchovniterapie<\/p>\n\n\n\n<figure><iframe loading=\"lazy\" style=\"border: 0;\" src=\"https:\/\/www.google.com\/maps\/embed?pb=!1m18!1m12!1m3!1d2575.5431322519453!2d18.26767815086386!3d49.79465594217952!2m3!1f0!2f0!3f0!3m2!1i1024!2i768!4f13.1!3m3!1m2!1s0x4713e4b3c1f17a8f%3A0xddf2216b3e526362!2s%C3%9Alehlova%20239%2C%20700%2030%20Ostrava-jih-Hrab%C5%AFvka!5e0!3m2!1scs!2scz!4v1587934561101!5m2!1scs!2scz\" allowfullscreen=\"\" aria-hidden=\"false\" tabindex=\"0\" width=\"600\" height=\"450\" frameborder=\"0\"><\/iframe><\/figure>\n","protected":false},"excerpt":{"rendered":"<p>Petra Dopir\u00e1kov\u00e1 Tich\u00e1\u00dalehlova 239\/4Ostrava &#8211; Hrab\u016fvka700 30 Mob: 603 343 526Tel: 595 170 181Email: andelskaduchovniterapie@volny.cz Skype: andelskaduchovniterapie<\/p>\n","protected":false},"author":1,"featured_media":0,"parent":0,"menu_order":0,"comment_status":"open","ping_status":"open","template":"","meta":{"footnotes":""},"class_list":["post-123","page","type-page","status-publish","hentry"],"_links":{"self":[{"href":"https:\/\/www.andelskaduchovniterapie.cz\/index.php?rest_route=\/wp\/v2\/pages\/123","targetHints":{"allow":["GET"]}}],"collection":[{"href":"https:\/\/www.andelskaduchovniterapie.cz\/index.php?rest_route=\/wp\/v2\/pages"}],"about":[{"href":"https:\/\/www.andelskaduchovniterapie.cz\/index.php?rest_route=\/wp\/v2\/types\/page"}],"author":[{"embeddable":true,"href":"https:\/\/www.andelskaduchovniterapie.cz\/index.php?rest_route=\/wp\/v2\/users\/1"}],"replies":[{"embeddable":true,"href":"https:\/\/www.andelskaduchovniterapie.cz\/index.php?rest_route=%2Fwp%2Fv2%2Fcomments&post=123"}],"version-history":[{"count":36,"href":"https:\/\/www.andelskaduchovniterapie.cz\/index.php?rest_route=\/wp\/v2\/pages\/123\/revisions"}],"predecessor-version":[{"id":954,"href":"https:\/\/www.andelskaduchovniterapie.cz\/index.php?rest_route=\/wp\/v2\/pages\/123\/revisions\/954"}],"wp:attachment":[{"href":"https:\/\/www.andelskaduchovniterapie.cz\/index.php?rest_route=%2Fwp%2Fv2%2Fmedia&parent=123"}],"curies":[{"name":"wp","href":"https:\/\/api.w.org\/{rel}","templated":true}]}}