{"id":19,"date":"2015-10-26T09:11:24","date_gmt":"2015-10-26T09:11:24","guid":{"rendered":"http:\/\/web6.webbi.cz\/?page_id=19"},"modified":"2015-10-26T09:11:24","modified_gmt":"2015-10-26T09:11:24","slug":"kristalove-deti","status":"publish","type":"page","link":"https:\/\/www.andelskaduchovniterapie.cz\/?page_id=19","title":{"rendered":"K\u0159i\u0161\u0165\u00e1lov\u00e9 d\u011bti"},"content":{"rendered":"<h1 style=\"text-align: justify;\">K\u0158I\u0160\u0164\u00c1LOV\u00c9 D\u011aTI<\/h1>\n<p><center><img loading=\"lazy\" decoding=\"async\" src=\"https:\/\/www.andelskaduchovniterapie.cz\/obrazky\/kristalove-deti.jpg\" alt=\"\" width=\"280\" height=\"265\" hspace=\"20\" vspace=\"20\" \/><\/center><\/p>\n<p style=\"text-align: justify;\">\n<p style=\"text-align: justify;\">K\u0159i\u0161\u0165\u00e1lov\u00e9 d\u011bti si jsou mnohem v\u011bdom\u011bj\u0161\u00ed sv\u00e9ho p\u0159\u00edm\u00e9ho spojen\u00ed s Bohem. Maj\u00ed vhled do skryt\u00fdch schopnost\u00ed a dok\u00e1\u017e\u00ed jednat z pohledu a pozice skupinov\u00e9ho v\u011bdom\u00ed. Jak dosp\u00edvaj\u00ed, tak i jim idea sout\u011b\u017eivosti p\u0159ich\u00e1z\u00ed pon\u011bkud divn\u00e1, proto\u017ee jejich p\u0159irozen\u00fdm vyza\u0159ov\u00e1n\u00edm je l\u00e1ska a jednota se v\u0161emi. Ji\u017e jako mal\u00ed si uv\u011bdomuj\u00ed svoje hlavn\u00ed posl\u00e1n\u00ed, kter\u00fdm je p\u0159in\u00e1\u0161et sv\u011btu vy\u0161\u0161\u00ed v\u011bdom\u00ed. V obdob\u00ed, kdy dosp\u011bj\u00ed, stanou se d\u00edky sv\u00e9mu pozn\u00e1n\u00ed, u\u010den\u00ed a l\u00e9\u010ditelsk\u00fdm schopnostem p\u0159ed\u00e1ky vytv\u00e1\u0159en\u00ed nov\u00e9 Zem\u011b. K \u00fasp\u011b\u0161n\u00e9mu napln\u011bn\u00ed t\u00e9to jejich mise je nezbytn\u00e9 p\u016fsoben\u00ed indigov\u00fdch bytost\u00ed, kter\u00e9 jim p\u0159ipravily cestu.<\/p>\n<p style=\"text-align: justify;\">Tyto d\u011bti jsou vyrovnan\u00e9, l\u00e1skypln\u00e9, radostn\u00e9, bla\u017een\u00e9, tolerantn\u00ed, sm\u00ed\u0159liv\u00e9, mil\u00e9, citliv\u00e9 a empatick\u00e9. Jsou to rozen\u00ed l\u00e9\u010ditel\u00e9 &#8211; v srdc\u00edch maj\u00ed tolik l\u00e1sky, \u017ee jejich pouh\u00e1 p\u0159\u00edtomnost p\u016fsob\u00ed l\u00e9\u010div\u011b na okol\u00ed. Tyto \u00fa\u017easn\u00e9 bytosti n\u00e1m p\u0159in\u00e1\u0161ej\u00ed Sv\u011btlo a u\u010d\u00ed n\u00e1s, jak se st\u00e1t laskav\u011bj\u0161\u00edmi, radostn\u011bj\u0161\u00edmi, trp\u011bliv\u011bj\u0161\u00edmi a vd\u011b\u010dn\u011bj\u0161\u00edmi bytostmi. K\u0159i\u0161\u0165\u00e1lov\u00e9 d\u011bti disponuj\u00ed velk\u00fdmi duchovn\u00edmi dary, jako jsou jasnoz\u0159ivost, jasnosly\u0161en\u00ed, telepatie a dal\u0161\u00ed. Jejich telepatick\u00e9 schopnosti jsou \u010dasto p\u0159\u00ed\u010dinou toho, \u017ee za\u010d\u00ednaj\u00ed mluvit a\u017e ve t\u0159ech nebo v\u00edce letech. \u0158e\u010d prost\u011b nepot\u0159ebuj\u00ed. A kdy\u017e u\u017e za\u010dnou mluvit, lidem \u010dasto vyr\u00e1\u017eej\u00ed dech jejich pozn\u00e1mky, kter\u00e9 se zdaj\u00ed b\u00fdt na jejich v\u011bk a\u017e &#8222;p\u0159\u00edli\u0161 moudr\u00e9&#8220;. Bu\u010fte k nim pozorn\u00ed a mluvte pravdu. Mluvte s nimi s respektem, jako se vz\u00e1cn\u00fdm p\u0159\u00edtelem a vyhn\u011bte se zbyte\u010dn\u00e9mu pou\u010dov\u00e1n\u00ed. Bu\u010fte trp\u011bliv\u00fd k nim, k jejich p\u0159edstav\u00e1m i pot\u0159eb\u00e1m. Sta\u0148te se jejich ochr\u00e1nci. Zrozen\u00edm na Zemi se dost\u00e1vaj\u00ed do prost\u0159ed\u00ed, kde je v d\u011btech p\u011bstov\u00e1na sout\u011b\u017eivost. Tyto d\u011bti jsou pln\u00e9 l\u00e1sky a tendence pom\u00e1hat, ale v\u016fbec nejsou sout\u011b\u017eiv\u00e9. Naopak, v\u016fbec nech\u00e1pou, pro\u010d by m\u011bly sout\u011b\u017eit. Nemaj\u00ed proto r\u00e1dy hry, kde jsou v\u00edt\u011bzov\u00e9 a pora\u017een\u00ed. Co\u017e m\u016f\u017ee b\u00fdt jedn\u00edm z d\u016fvod\u016f, pro\u010d nerady chod\u00ed do \u0161kolky a do kolektiv\u016f b\u011b\u017en\u011b operuj\u00edc\u00edch se sout\u011b\u017eivost\u00ed. Jsou velmi citliv\u00e9 na chemik\u00e1lie (v ovzdu\u0161\u00ed, j\u00eddle, kosmetice), dokonce daleko v\u00edce ne\u017e indigov\u00e9 d\u011bti. L\u00e1ska k p\u0159\u00edrod\u011b, zv\u00ed\u0159at\u016fm, skal\u00e1m, drah\u00fdm kamen\u016fm a k\u0159i\u0161\u0165\u00e1l\u016fm je jednou ze z\u00e1kladn\u00edch charakteristik t\u011bchto d\u011bt\u00ed.<\/p>\n<h2 style=\"text-align: justify;\">Strava vhodn\u00e1 pro k\u0159i\u0161\u0165\u00e1lov\u00e9 d\u011bti<\/h2>\n<p style=\"text-align: justify;\">Neva\u0159en\u00e9 \u017eiv\u00e9 \u010derstv\u00e9 ovoce a zelenina, nakl\u00ed\u010den\u00e1 obiln\u00e1 zrna, nebo \u010derstv\u00e9 \u0161\u0165\u00e1vy obsahuj\u00ed nejv\u00edce \u017eivotn\u00ed energie ze v\u0161ech potravin. Nep\u0159ekvap\u00ed proto, \u017ee jim k\u0159i\u0161\u0165\u00e1lov\u00e9 d\u011bti d\u00e1vaj\u00ed p\u0159ednost p\u0159ed &#8222;norm\u00e1ln\u00edm j\u00eddlem&#8220;. Jsou p\u0159irozen\u00fdmi vegetari\u00e1ny. Odm\u00edtaj\u00ed maso ze dvou d\u016fvod\u016f. Prvn\u00ed d\u016fvod je jejich soucit se zv\u00ed\u0159aty. Miluj\u00ed je, jsou to jejich p\u0159\u00e1tel\u00e9, tak pro\u010d by je m\u011bly j\u00edst? Zelenina, obilniny, s\u00f3jov\u00e9 produkty, o\u0159echy a lu\u0161t\u011bniny obsahuj\u00ed dostatek protein\u016f pro zdrav\u011b se vyv\u00edjej\u00edc\u00ed t\u011blo. Nen\u00ed proto t\u0159eba m\u00edt obavy, a pokud k\u0159i\u0161\u0165\u00e1lov\u00e9 d\u00edt\u011b chce b\u00fdt vegetari\u00e1nem, je dobr\u00e9 jeho pohnutky ch\u00e1pat a umo\u017enit mu to ruku v ruce s pestr\u00fdm j\u00eddeln\u00edm l\u00edstkem rostlinn\u00e9ho p\u016fvodu. Druh\u00fd d\u016fvod, pro\u010d odm\u00edtaj\u00ed maso je, \u017ee konzumace masa sni\u017euje \u010dlov\u011bku vibrace. K\u0159i\u0161\u0165\u00e1lov\u00e9 d\u011bti jsou na vysok\u00e9m stupni v\u00fdvoje. Spr\u00e1vn\u00e1 a v\u00fd\u017eivn\u00e1 strava jim pom\u00e1h\u00e1 udr\u017eet si svou energii, podporuje jejich vlohy a pom\u00e1h\u00e1 jim b\u00fdt v rovnov\u00e1ze. Maj\u00ed r\u00e1dy jednoduch\u00e1 j\u00eddla, nap\u0159. pouze r\u00fd\u017ei s olivov\u00fdm \u010di jin\u00fdm olejem, brambory s brokolic\u00ed va\u0159en\u00e9 v p\u00e1\u0159e a podobn\u00e1 strava je pln\u011b uspokoj\u00ed.<\/p>\n<h2 style=\"text-align: justify;\">Pro\u010d jsou tady?<\/h2>\n<p style=\"text-align: justify;\">K\u0159i\u0161\u0165\u00e1lov\u00ed lid\u00e9 sem p\u0159i\u0161li, aby n\u00e1s na na\u0161\u00ed cest\u011b a v na\u0161em duchovn\u00edm v\u00fdvoji posunuli o kus vp\u0159ed. Aby pomohli zm\u011bnit kolektivn\u00ed v\u011bdom\u00ed lid\u00ed. Ka\u017ed\u00e1 z t\u011bchto vz\u00e1cn\u00fdch duchovn\u00edch bytost\u00ed sem p\u0159ich\u00e1z\u00ed, aby \u0161\u00ed\u0159ila l\u00e1sku a sv\u011btlo. Aby pomohla v duchovn\u00edm p\u0159erodu nejen lidem, ale cel\u00e9 planet\u011b. Proto si zaslou\u017e\u00ed na\u0161i \u00factu, l\u00e1sku a vd\u011b\u010dnost. P\u0159i\u0161li sem kv\u016fli n\u00e1m a je na n\u00e1s, abychom jim poskytli ochranu a spole\u010dn\u011b vytvo\u0159ili p\u0159\u00edjemn\u00e9, ch\u00e1pav\u00e9 prost\u0159ed\u00ed pln\u00e9 l\u00e1sky, porozum\u011bn\u00ed, \u00facty i vd\u011b\u010dnosti za v\u0161echno, \u010d\u00edm jsou a co pro n\u00e1s a tuto Zemi d\u011blaj\u00ed. Pokud m\u00e1te pocit, \u017ee se n\u011bkter\u00e1 z uveden\u00fdch charakteristik k\u0159i\u0161\u0165\u00e1lov\u00fdch net\u00fdk\u00e1 va\u0161eho k\u0159i\u0161\u0165\u00e1lov\u00e9ho d\u00edt\u011bte, je to v po\u0159\u00e1dku. K\u0159i\u0161\u0165\u00e1lov\u00e9 d\u011bti n\u00e1m ukazuj\u00ed mo\u017enosti a p\u0159edpoklady lidstva v cel\u00e9 sv\u00e9 pestrosti. Proto je ka\u017ed\u00e9 k\u0159i\u0161\u0165\u00e1lov\u00e9 d\u00edt\u011b \u00fapln\u011b jedine\u010dn\u00e9 a origin\u00e1ln\u00ed, a\u010dkoli sd\u00edl\u00ed s ostatn\u00edmi k\u0159i\u0161\u0165\u00e1lov\u00fdmi i spole\u010dn\u00e9 rysy.<\/p>\n","protected":false},"excerpt":{"rendered":"<p>K\u0158I\u0160\u0164\u00c1LOV\u00c9 D\u011aTI K\u0159i\u0161\u0165\u00e1lov\u00e9 d\u011bti si jsou mnohem v\u011bdom\u011bj\u0161\u00ed sv\u00e9ho p\u0159\u00edm\u00e9ho spojen\u00ed s Bohem. Maj\u00ed vhled do skryt\u00fdch schopnost\u00ed a dok\u00e1\u017e\u00ed jednat z pohledu a pozice skupinov\u00e9ho v\u011bdom\u00ed. Jak dosp\u00edvaj\u00ed, tak i jim idea sout\u011b\u017eivosti p\u0159ich\u00e1z\u00ed pon\u011bkud divn\u00e1, proto\u017ee jejich p\u0159irozen\u00fdm vyza\u0159ov\u00e1n\u00edm je l\u00e1ska a jednota se v\u0161emi. Ji\u017e jako mal\u00ed si uv\u011bdomuj\u00ed svoje hlavn\u00ed posl\u00e1n\u00ed, <a href=\"https:\/\/www.andelskaduchovniterapie.cz\/?page_id=19\" rel=\"nofollow\"><span class=\"sr-only\">P\u0159e\u010d\u00edst si v\u00edc oK\u0159i\u0161\u0165\u00e1lov\u00e9 d\u011bti<\/span>[&#8230;]<\/a><\/p>\n","protected":false},"author":1,"featured_media":0,"parent":17,"menu_order":0,"comment_status":"open","ping_status":"open","template":"","meta":{"footnotes":""},"class_list":["post-19","page","type-page","status-publish","hentry"],"_links":{"self":[{"href":"https:\/\/www.andelskaduchovniterapie.cz\/index.php?rest_route=\/wp\/v2\/pages\/19","targetHints":{"allow":["GET"]}}],"collection":[{"href":"https:\/\/www.andelskaduchovniterapie.cz\/index.php?rest_route=\/wp\/v2\/pages"}],"about":[{"href":"https:\/\/www.andelskaduchovniterapie.cz\/index.php?rest_route=\/wp\/v2\/types\/page"}],"author":[{"embeddable":true,"href":"https:\/\/www.andelskaduchovniterapie.cz\/index.php?rest_route=\/wp\/v2\/users\/1"}],"replies":[{"embeddable":true,"href":"https:\/\/www.andelskaduchovniterapie.cz\/index.php?rest_route=%2Fwp%2Fv2%2Fcomments&post=19"}],"version-history":[{"count":1,"href":"https:\/\/www.andelskaduchovniterapie.cz\/index.php?rest_route=\/wp\/v2\/pages\/19\/revisions"}],"predecessor-version":[{"id":20,"href":"https:\/\/www.andelskaduchovniterapie.cz\/index.php?rest_route=\/wp\/v2\/pages\/19\/revisions\/20"}],"up":[{"embeddable":true,"href":"https:\/\/www.andelskaduchovniterapie.cz\/index.php?rest_route=\/wp\/v2\/pages\/17"}],"wp:attachment":[{"href":"https:\/\/www.andelskaduchovniterapie.cz\/index.php?rest_route=%2Fwp%2Fv2%2Fmedia&parent=19"}],"curies":[{"name":"wp","href":"https:\/\/api.w.org\/{rel}","templated":true}]}}