{"id":24,"date":"2015-10-26T09:13:17","date_gmt":"2015-10-26T09:13:17","guid":{"rendered":"http:\/\/web6.webbi.cz\/?page_id=24"},"modified":"2015-10-26T09:13:17","modified_gmt":"2015-10-26T09:13:17","slug":"ego-a-emocni-telo","status":"publish","type":"page","link":"https:\/\/www.andelskaduchovniterapie.cz\/?page_id=24","title":{"rendered":"Ego a emo\u010dn\u00ed t\u011blo"},"content":{"rendered":"<h2 style=\"text-align: justify;\">Emoce a ego<\/h2>\n<p style=\"text-align: justify;\">V\u011bt\u0161ina lid\u00ed je ovl\u00e1d\u00e1na svou ment\u00e1ln\u00ed mysl\u00ed. Hlas v na\u0161\u00ed hlav\u011b si \u017eije sv\u00fdm vlastn\u00edm \u017eivotem. Bohu\u017eel v\u011bt\u0161ina lid\u00ed je sv\u00e9mu hlasu vyd\u00e1na na milost. Jejich my\u0161lenky je ovl\u00e1daj\u00ed- jsou ovl\u00e1d\u00e1ni svou mysl\u00ed. Proto\u017ee je mysl ovlivn\u011bn\u00e1 minulost\u00ed jsou nuceni znovu a znovu minulost opakovat. Na v\u00fdchod\u011b se tomu \u0159\u00edk\u00e1 karma. Pokud se se svou mysl\u00ed ztoto\u017e\u0148ujete pak si to samoz\u0159ejm\u011b neuv\u011bdomujete. Pokud jste si to u\u017e uv\u011bdomili, mysl v\u00e1s u\u017e nikdy nebude zcela ovl\u00e1dat. Proto\u017ee k tomu je pot\u0159eba aby jste si ji pletli se svou identitou. Pr\u00e1v\u011b d\u00edky naprost\u00e9mu ztoto\u017en\u011bn\u00ed s mysl\u00ed vzniklo fale\u0161n\u00e9 j\u00e1- EGO. Ego n\u00e1s nut\u00ed abychom se ztoto\u017enili se svou mysl\u00ed. Nut\u00ed n\u00e1s si myslet \u017ee my jsme na\u0161e mysl. S\u00edla EGA z\u00e1vis\u00ed na tom do jak\u00e9 m\u00edry se vy \u2013 va\u0161e v\u011bdom\u00ed \u2013 ztoto\u017e\u0148uje s mysl\u00ed a my\u0161lenkami. My\u0161len\u00ed je p\u0159itom jen malou \u010d\u00e1st\u00ed komplexnosti v\u011bdom\u00ed, nepatrnou \u010d\u00e1st\u00ed celistvosti. N\u011bkte\u0159\u00ed si um\u011bj\u00ed odpo\u010dinou od ztoto\u017en\u011bn\u00ed se svou mysl\u00ed a pak za\u017e\u00edvaj\u00ed klid, radost a \u017eivost a takov\u00e9 chv\u00edle \u010din\u00ed jejich \u017eivot smyslupln\u00fdmi. N\u011bkte\u0159\u00ed jsou v\u0161ak v pasti ega chyceni trvale. C\u00edt\u00ed se odcizen\u00ed \u2013 sami sob\u011b, ostatn\u00edm, a vlastn\u011b cel\u00e9mu sv\u011btu.<\/p>\n<p style=\"text-align: justify;\">Ego vytv\u00e1\u0159\u00ed ve va\u0161\u00ed hlav\u011b dysfunk\u010dn\u00ed my\u0161lenky a na ty pak reaguje va\u0161e t\u011blo negativn\u00edmi emocemi. Hlas ve va\u0161\u00ed hlav\u011b v\u00e1m vypr\u00e1v\u00ed p\u0159\u00edb\u011bh, kter\u00e9mu zcela uv\u011b\u0159\u00edte a na n\u011bj\u017e reagujete. Va\u0161\u00ed reakc\u00ed jsou r\u016fzn\u00e9 emoce. Ty dod\u00e1vaj\u00ed s\u00edlu my\u0161lenk\u00e1m, je\u017e vyvol\u00e1vaj\u00ed dal\u0161\u00ed a dal\u0161\u00ed emoce. Vznik\u00e1 tak za\u010darovan\u00fd kruh nekontrolovan\u00fdch my\u0161lenek a emoc\u00ed \u2013 emotivn\u00ed my\u0161len\u00ed a vytv\u00e1\u0159en\u00ed vlastn\u00edch p\u0159\u00edb\u011bh\u016f.<\/p>\n<p style=\"text-align: justify;\">Emo\u010dn\u00ed slo\u017eka ega je u ka\u017ed\u00e9ho \u010dlov\u011bka jinak velk\u00e1. My\u0161lenky probouzej\u00edc\u00ed siln\u00e9 emoce mohou n\u011bkdy p\u0159ij\u00edt tak rychle, \u017ee je mysl st\u011b\u017e\u00ed stihne ,,vyslovit\u201c a t\u011blo u\u017e na n\u011b reaguje. Jsou to nev\u011bdom\u00e9 domn\u011bnky. Maj\u00ed sv\u016fj p\u016fvod v osobn\u00ed minulosti ka\u017ed\u00e9ho \u010dlov\u011bka, p\u0159ev\u00e1\u017en\u011b v ran\u00e9m d\u011btstv\u00ed. Lid\u00e9, jejich\u017e prvn\u00ed vztahy &#8211; s rodi\u010di nebo sourozenci &#8211; nebyly podporuj\u00edc\u00ed a napln\u011bn\u00e9 d\u016fv\u011brou, mohou m\u00edt jako nev\u011bdomou domn\u011bnku zafixovan\u00e9: ,,lidem se ned\u00e1 v\u011b\u0159it, nebo nikdo mne nem\u00e1 r\u00e1d, nikdo mne neuzn\u00e1v\u00e1. \u017divot je boj. Nikdy nebudu m\u00edt dost pen\u011bz. Nezaslou\u017e\u00edm si v\u00edc. \u017divot se s nik\u00fdm nemazl\u00ed. Nezaslou\u017e\u00edm si l\u00e1sku.\u201c<\/p>\n<p style=\"text-align: justify;\">Tyto podv\u011bdom\u00e9 soudy vyvol\u00e1vaj\u00ed v t\u011ble emoce, je\u017e zase podn\u011bcuj\u00ed dal\u0161\u00ed my\u0161lenky anebo okam\u017eitou reakci. T\u00edm vytv\u00e1\u0159ej\u00ed va\u0161i osobn\u00ed realitu. T\u00e9m\u011b\u0159 v\u0161ichni \u017eijeme pod neust\u00e1l\u00fdm tlakem, ne proto, \u017ee bychom byli ohro\u017eov\u00e1ni vn\u011bj\u0161\u00edmi faktory, ale kv\u016fli sv\u00e9 mysli. A tak na\u0161e t\u011blo podl\u00e9h\u00e1 egu a v\u0161em jeho nefunk\u010dn\u00edm my\u0161lenkov\u00fdm vzorc\u016fm.<\/p>\n<p style=\"text-align: justify;\">Proud negativn\u00edch emoc\u00ed proto v\u017edy prov\u00e1z\u00ed nep\u0159etr\u017eit\u00fd proud nutkav\u00fdch my\u0161lenek. Negativn\u00ed emoce otravuj\u00ed na\u0161e t\u011blo a naru\u0161uj\u00ed jeho rovnov\u00e1hu. Strach, \u00fazkost, hn\u011bv, z\u00e1\u0161\u0165, smutek, nen\u00e1vist, \u017e\u00e1rlivost nebo z\u00e1vist \u2013 v\u0161echny tyto emoce naru\u0161uj\u00ed p\u0159irozen\u00fd tok energie v t\u011ble. Maj\u00ed nep\u0159\u00edzniv\u00fd vliv na srdce, imunitn\u00ed syst\u00e9m, tr\u00e1ven\u00ed, tvorbu hormon\u016f a mnoho dal\u0161\u00edch t\u011blesn\u00fdch funkc\u00ed.<\/p>\n<p style=\"text-align: justify;\">Souhrnn\u00fd n\u00e1zev v\u0161ech negativn\u00edch emoc\u00ed je ne\u0161t\u011bst\u00ed. Pozitivn\u00ed emoce naopak maj\u00ed blahod\u00e1rn\u00fd vliv na n\u00e1\u0161 organismus. Posiluj\u00ed imunitn\u00ed syst\u00e9m, l\u00e9\u010d\u00ed a osv\u011b\u017euj\u00ed t\u011blo. Mus\u00edme ale rozli\u0161it pozitivn\u00ed emoce vytv\u00e1\u0159en\u00e9 egem a pozitivn\u00ed emoce, je\u017e poch\u00e1zej\u00ed z hloubky p\u0159irozen\u00e9ho spojen\u00ed s Byt\u00edm. Pozitivn\u00ed emoce vytv\u00e1\u0159en\u00e9 egem toti\u017e s sebou nesou i sv\u016fj opak, v n\u011bj\u017e se nakonec v\u017edy zm\u011bn\u00ed.<\/p>\n<p style=\"text-align: justify;\">Nap\u0159\u00edklad: To co ego naz\u00fdv\u00e1 L\u00c1SKOU, je snaha p\u0159ivlastnit a ovl\u00e1dat toho druh\u00e9ho, z\u00e1vislost a lp\u011bn\u00ed, je\u017e se mohou b\u011bhem vte\u0159iny zm\u011bnit v nen\u00e1vist.<br \/>\nO\u010dek\u00e1v\u00e1n\u00ed spojen\u00e9 s budouc\u00ed ud\u00e1lost\u00ed, co\u017e je jen d\u016fsledkem toho, \u017ee ego p\u0159ece\u0148uje budoucnost se pak snadno m\u011bn\u00ed ve zklam\u00e1n\u00ed, kdy\u017e prob\u011bhl\u00e1 ud\u00e1lost nespln\u00ed va\u0161e nad\u011bje.<br \/>\nJeden den m\u016f\u017eete b\u00fdt \u0161\u0165astn\u00ed d\u00edky chv\u00e1le a uzn\u00e1n\u00ed, a druh\u00fd den zase deprimovan\u00ed, proto\u017ee si n\u011bkdo dovolil v\u00e1s kritizovat nebo ignorovat.<\/p>\n<p style=\"text-align: justify;\">Emoce vytv\u00e1\u0159en\u00e9 EGEM vznikaj\u00ed n\u00e1sledkem ztoto\u017en\u011bn\u00ed s vn\u011bj\u0161\u00edmi faktory, je\u017e jsou samoz\u0159ejm\u011b nest\u00e1l\u00e9 a ka\u017edou chv\u00edli se mohou zm\u011bnit. Hlubok\u00e9 emoce nejsou ve skute\u010dnosti emocemi, ale stavem BYT\u00cd. Emoce existuj\u00ed jen ve sv\u011bt\u011b protiklad\u016f. Nap\u0159\u00edklad hodn\u011b lid\u00ed si mysl\u00ed \u017ee l\u00e1sku za\u017e\u00edvaj\u00ed jen kdy\u017e jimi zm\u00edtaj\u00ed siln\u00e9 emoce. Tento stav mysli v\u0161ak nen\u00ed l\u00e1skou. Stav byt\u00ed nem\u00e1 \u017e\u00e1dn\u00e9 protiklady, ALE d\u00edky emoc\u00edm m\u016f\u017ee z\u016fstat skryt\u00fd a zast\u0159en\u00fd. Takov\u00fd stav m\u016f\u017eete vn\u00edmat jako hlubok\u00fd vnit\u0159n\u00ed klid nebo jako l\u00e1sku a radost, co\u017e jsou v\u0161echno aspekty na\u0161\u00ed prav\u00e9 p\u0159irozenosti.<\/p>\n<h2 style=\"text-align: justify;\">Ego a emo\u010dn\u00ed t\u011blo<\/h2>\n<p style=\"text-align: justify;\">V\u011bt\u0161ina lid\u00ed si v sob\u011b nese obrovsk\u00e9 mno\u017estv\u00ed zbyte\u010dn\u00e9 z\u00e1t\u011b\u017ee z minulosti &#8211; ment\u00e1ln\u00ed i emo\u010dn\u00ed &#8211; n\u011bkdy po cel\u00fd \u017eivot. Jsou to vzpom\u00ednky na minulost, kter\u00e9 nepustili a ty se pak st\u00e1vaj\u00ed sou\u010d\u00e1st\u00ed jejich identity, proto\u017ee se s nimi ztoto\u017enili. .<\/p>\n<p style=\"text-align: justify;\">Vypov\u00edd\u00e1 o tom p\u0159\u00edb\u011bh dvou zenov\u00fdch mnich\u016f kte\u0159\u00ed se v obdob\u00ed de\u0161\u0165\u016f p\u0159esunovali z jednoho kl\u00e1\u0161tera do druh\u00e9ho. V\u011bt\u0161ina cest byla pokryta velkou vrstvou bahna. Pobl\u00ed\u017e jedn\u00e9 vesnice potkali mladou \u017eenu, kter\u00e1 se b\u00e1la p\u0159ej\u00edt aby si neu\u0161pinila sv\u00e9 kimono. Jeden z mnich\u016f ji vzal do n\u00e1ru\u010de a p\u0159enesl ji na druhou stranu. Pak oba mni\u0161i pokra\u010dovali beze slova v cest\u011b. Kdy\u017e po p\u011bti hodin\u00e1ch p\u0159i\u0161li ke kl\u00e1\u0161teru, ten druh\u00fd mnich to nevydr\u017eel a zeptal se toho prvn\u00edho: ,,Pro\u010d jsi p\u0159enesl tu \u017eenu? Tohle p\u0159ece mni\u0161i ned\u011blaj\u00ed!\u201c Ten druh\u00fd mnich odpov\u011bd\u011bl: ,, J\u00e1 jsem ji odlo\u017eil p\u0159ed n\u011bkolika hodinami, ale vypad\u00e1 to \u017ee ty ji v sob\u011b nese\u0161 je\u0161t\u011b te\u010f.\u201c<\/p>\n<p style=\"text-align: justify;\">V\u00e1\u0161 p\u0159\u00edb\u011bh se skl\u00e1d\u00e1 z ment\u00e1ln\u00edch a emo\u010dn\u00edch vzpom\u00ednek, je\u017e jsou znovu a znovu o\u017eivov\u00e1ny. Mnich v na\u0161em p\u0159\u00edb\u011bhu si nesl v sob\u011b vztek p\u0159es p\u011bt hodin, proto\u017ee ho znovu a znovu p\u0159i\u017eivoval sv\u00fdmi my\u0161lenkami. Proto\u017ee lid\u00e9 obecn\u011b maj\u00ed tendenci znovu a znovu pro\u017e\u00edvat star\u00e9 emoce, t\u00e9m\u011b\u0159 ka\u017ed\u00fd si ve sv\u00e9m energetick\u00e9m poli nese nahromad\u011bnou bolest z minulosti, je\u017e tvo\u0159\u00ed jeho ,,emo\u010dn\u00ed t\u011blo\u201c.<\/p>\n<p style=\"text-align: justify;\">Kdykoliv m\u016f\u017eete p\u0159estat vy\u017eivovat sv\u00e9 Emo\u010dn\u00ed t\u011blo dal\u0161\u00ed bolest\u00ed, m\u016f\u017eete se toti\u017e nau\u010dit p\u0159estat hromadit a opakovan\u011b pro\u017e\u00edvat star\u00e9 emoce. Takzvan\u011b zam\u00e1vat k\u0159\u00eddly a nechat to b\u00fdt.<\/p>\n<p style=\"text-align: justify;\">Vezm\u011bte si nap\u0159\u00edklad souboj dvou kachen, kter\u00fd nikdy netrv\u00e1 dlouho. Ka\u017ed\u00e1 kachna se po n\u011bm vyd\u00e1 opa\u010dn\u00fdm sm\u011brem a pak ka\u017ed\u00e1 kachna zam\u00e1v\u00e1 k\u0159\u00eddly aby uvolnila p\u0159ebyte\u010dnou energii vytvo\u0159enou b\u011bhem souboje, a d\u00e1l u\u017e si zase klidn\u011b pluj\u00ed po vod\u011b jako by se nic nestalo. Kdyby kachny myslely jako lid\u00e9, pamatovali by si tento spor je\u0161t\u011b dlouho potom jako ,,sv\u016fj p\u0159\u00edb\u011bh\u201c a vytv\u00e1\u0159ely by si ve sv\u00e9 mysli obstrukce, jako nap\u0159\u00edklad. ,,Nem\u016f\u017eu uv\u011b\u0159it tomu co ud\u011blal, choval se jako by mu ten rybn\u00edk pat\u0159il, mus\u00edm si na n\u011bj d\u00e1t pozor proto\u017ee to ur\u010dit\u011b ud\u011bl\u00e1 znovu, vsad\u00edm se \u017ee u\u017e to pl\u00e1nuje atd. J\u00e1 mu to ale nebudu tolerovat, d\u00e1m mu za vyu\u010denou, d\u00e1m mu lekci na kterou nezapomene!\u201c<\/p>\n<p style=\"text-align: justify;\">Mysl si neust\u00e1le vym\u00fd\u0161l\u00ed sv\u00e9 poh\u00e1dky a to cel\u00e9 dny. Ka\u017ed\u00e1 negativn\u00ed emoce, k n\u00ed\u017e se ve chv\u00edli kdy se objev\u00ed, nepostav\u00edte \u010delem a kterou si pln\u011b neuv\u011bdom\u00edte, ve v\u00e1s z\u016fstane. V\u017edy ve v\u00e1s zanech\u00e1 alespo\u0148 st\u00edn bolesti. Zvl\u00e1\u0161t\u011b d\u011bti poci\u0165uj\u00ed negativn\u00ed emoce jako nesnesiteln\u00e9 a maj\u00ed tendenci je v sob\u011b potla\u010dovat. Pokud s nimi nen\u00ed uv\u011bdom\u011bl\u00fd dosp\u011bl\u00fd, kter\u00fd by je l\u00e1skypln\u011b vedl k okam\u017eit\u00e9mu, v\u011bdom\u00e9mu pro\u017e\u00edv\u00e1n\u00ed emoc\u00ed, nemaj\u00ed vlastn\u011b ani jinou mo\u017enost ne\u017e je potla\u010dit. Bohu\u017eel, tento obrann\u00fd mechanismus, budou v\u011bt\u0161inou pou\u017e\u00edvat cel\u00fd \u017eivot. Vznikl\u00e9 emoce v nich z\u016fstanou v nev\u011bdom\u00e9 form\u011b a budou se nep\u0159\u00edmo projevovat nap\u0159\u00edklad jako \u00fazkost, vztek, sklony k n\u00e1sil\u00ed, psychick\u00e1 labilita nebo dokonce jako somatick\u00e1 choroba. N\u011bkte\u0159\u00ed proto nejsou schopni nav\u00e1zat trvalej\u0161\u00ed intimn\u00ed vztah. Je t\u0159eba pochopit \u017ee ni\u010d\u00ed d\u011btstv\u00ed nen\u00ed bez emocion\u00e1ln\u00ed bolesti, by\u0165 by va\u0161i rodi\u010de byli osv\u00edcen\u00ed lid\u00e9, v\u011bt\u0161ina sv\u011bta kolem v\u00e1s byla stejn\u011b nev\u011bdom\u00e1.<\/p>\n<p style=\"text-align: justify;\">Energetick\u00e9 pole tvo\u0159en\u00e9 star\u00fdmi, neust\u00e1le se o\u017eivovan\u00fdmi emocemi naz\u00fdv\u00e1me EMO\u010cN\u00cdM T\u011aLEM. Emo\u010dn\u00ed t\u011blo je jak individu\u00e1ln\u00ed tak kolektivn\u00ed. D\u011bti p\u0159eb\u00edraj\u00ed bolest do sv\u00fdch emo\u010dn\u00edch t\u011bl od sv\u00fdch rodi\u010d\u016f. Mysl\u00edm t\u00edm chov\u00e1n\u00ed rodi\u010d\u016f k sob\u011b sam\u00fdm nebo k druh\u00fdm.<\/p>\n<p style=\"text-align: justify;\">S fyzick\u00fdm t\u011blem d\u00edt\u011bte roste i jeho emo\u010dn\u00ed t\u011blo. Mohlo by to vypadat \u017ee d\u011bti se ,,slab\u00fdm\u201c emo\u010dn\u00edm t\u011blem by se m\u011blo st\u00e1t duchovn\u011b ,,pokro\u010dilej\u0161\u00edm\u201c, ne\u017e d\u00edt\u011b v\u00edce zat\u00ed\u017een\u00e9. Nen\u00ed to v\u0161ak pravda. Pr\u00e1v\u011b lid\u00e9 se ,,siln\u00fdm\u201c emo\u010dn\u00edm t\u011blem maj\u00ed mnohem v\u011bt\u0161\u00ed \u0161ance na duchovn\u00ed probuzen\u00ed. N\u011bkte\u0159\u00ed sice z\u016fstanou ve sv\u00e9m emo\u010dn\u00edm t\u011ble chyceni, jin\u00ed v\u0161ak dojdou do bodu, kdy u\u017e se sv\u00fdm NE\u0160T\u011aST\u00cdM nemohou d\u00e9le \u017e\u00edt a jsou proto velmi siln\u011b motivov\u00e1ni k probuzen\u00ed.<\/p>\n<h2 style=\"text-align: justify;\">JAK SE EMO\u010cN\u00cd T\u011aLO OBNOVUJE?<\/h2>\n<p style=\"text-align: justify;\">Jako potrava pro emo\u010dn\u00ed t\u011blo dob\u0159e slou\u017e\u00ed nap\u0159\u00edklad emocion\u00e1ln\u011b bolestiv\u00e9 z\u00e1\u017eitky. Emo\u010dn\u00ed t\u011blo je z\u00e1visl\u00e9 na ne\u0161t\u011bst\u00ed. Bude v\u00e1s asi \u0161okovat, \u017ee v sob\u011b m\u00e1te n\u011bco, co pravideln\u011b vy\u017eaduje negativitu a pocity ne\u0161t\u011bst\u00ed. U v\u011bt\u0161iny lid\u00ed se st\u0159\u00eddaj\u00ed obdob\u00ed, kdy je jejich emo\u010dn\u00ed t\u011blo v klidu s obdob\u00edm aktivity. Tato obdob\u00ed jsou r\u016fzn\u00e1, n\u011bkolik t\u00fddn\u016f, m\u011bs\u00edc\u016f, dn\u016f. N\u011bkdy m\u016f\u017ee dokonce n\u011bkolik let sp\u00e1t, ne\u017e ho probud\u00ed n\u011bjak\u00e1 ud\u00e1lost.<\/p>\n<p style=\"text-align: justify;\">D\u00edky emo\u010dn\u00edmu t\u011blu jsme lehce ovlivniteln\u00ed a ovladateln\u00ed i zven\u010d\u00ed. Kdo ch\u00e1pe v\u00fdznam emo\u010dn\u00edho t\u011bla a jeho pot\u0159ebu utrpen\u00ed a strachu, m\u016f\u017ee n\u00e1s snadno ovl\u00e1dat a zneu\u017e\u00edvat. V\u016fdci spole\u010dnosti pou\u017e\u00edvaj\u00ed kolektivn\u00ed emo\u010dn\u00ed t\u011blo k ovl\u00e1d\u00e1n\u00ed mas. Pou\u017e\u00edvaj\u00ed k tomu m\u00e9dia, ekonomiku a jin\u00e9.<\/p>\n<h2 style=\"text-align: justify;\">MY\u0160LENKY VY\u017dIVUJ\u00cd EMO\u010cN\u00cd T\u011aLO.<\/h2>\n<p style=\"text-align: justify;\">Emo\u010dn\u00ed t\u011blo se za\u010dne oz\u00fdvat kdy\u017e dostane hlad, nebo m\u016f\u017ee b\u00fdt probuzeno ur\u010ditou spou\u0161t\u011bc\u00ed ud\u00e1lost\u00ed. Pokud jste je\u0161t\u011b nev\u011bdom\u00ed je pravd\u011bpodobn\u00e9, \u017ee ve v\u00e1s negativn\u00ed my\u0161lenky vyvolaj\u00ed vlnu nep\u0159\u00edjemn\u00fdch emoc\u00ed \u2013 nespokojenost, \u0161patnou n\u00e1ladu, \u00fazkost nebo v\u00fdbuch hn\u011bvu. Pozitivn\u00ed my\u0161lenky probouzej\u00ed pocity \u0161t\u011bst\u00ed a proto jsou pro emo\u010dn\u00ed t\u011blo nestraviteln\u00e9.<\/p>\n<p style=\"text-align: justify;\">My\u0161lenky jsou tvo\u0159eny stejnou energi\u00ed jako hmota, jen vibruj\u00ed na vy\u0161\u0161\u00ed frekvenci, a proto si na n\u011b nem\u016f\u017eeme s\u00e1hnout. My\u0161lenky tak\u00e9 maj\u00ed sv\u016fj frekven\u010dn\u00ed rozsah. Pozitivn\u00ed jsou na vrchn\u00edm konci \u0161k\u00e1ly a negativn\u00ed na spodn\u00edm. Vibra\u010dn\u00ed frekvence emo\u010dn\u00edho t\u011bla rezonuje s frekvenc\u00ed negativn\u00edch my\u0161lenek. To je d\u016fvod pro\u010d dok\u00e1\u017ee vyu\u017e\u00edvat jen energii t\u011bchto my\u0161lenek. Emo\u010dn\u00ed t\u011blo bychom mohli nazvat jist\u00fdm druhem du\u0161evn\u00edho parazita. Pot\u0159ebuje drama. A my d\u00edky tomu \u010dasto zveli\u010dujeme situace kter\u00e9 n\u00e1s potkaj\u00ed.<\/p>\n<p style=\"text-align: justify;\">N\u011bkte\u0159\u00ed lid\u00e9 maj\u00ed tak siln\u00e9 emo\u010dn\u00ed t\u011blo, \u017ee se ani na chv\u00edli nezklidn\u00ed. Navenek se mohou usm\u00edvat a chovat se zdvo\u0159ile, ale nemus\u00edte b\u00fdt ani moc citliv\u00ed abyste poznali \u017ee se uvnit\u0159 ,,\u017eerou\u201c. Sna\u017e\u00ed se ostatn\u00ed zat\u00e1hnout do sv\u00fdch dramat. Jin\u00ed se u\u017e\u00edraj\u00ed nen\u00e1vist\u00ed k b\u00fdval\u00e9mu partnerovi,nebo rodi\u010di, ale sami sob\u011b nep\u0159iznaj\u00ed kolik bolesti si v sob\u011b nesou. To je v\u0161ak z\u0159ejm\u00e9 z jejich reakc\u00ed, kdy projevuj\u00ed svou bolest do v\u011bt\u0161iny ud\u00e1lost\u00ed a situac\u00ed.<\/p>\n<p style=\"text-align: justify;\">Myln\u011b se domn\u00edvaj\u00ed, \u017ee p\u0159\u00ed\u010dinou jejich bolesti a ne\u0161t\u011bst\u00ed je vn\u011bj\u0161\u00ed situace nebo ud\u00e1lost. Neuv\u011bdomuj\u00ed si stav sv\u00e9ho nitra, jak moc jsou ne\u0161\u0165astn\u00ed, jak moc trp\u00ed. \u010cLOV\u011aK SE SILN\u00ddM EMO\u010cN\u00cdM T\u011aLEM si velmi snadno najde d\u016fvod, pro\u010d se na\u0161tvat, rozzlobit, pro\u010d b\u00fdt smutn\u00fd, ustra\u0161en\u00fd nebo ubl\u00ed\u017een\u00fd. Nen\u00ed pravou p\u0159\u00ed\u010dinou jeho nelibosti, pouze jej\u00edm spou\u0161t\u011b\u010dem. EMO\u010cN\u00cd T\u011aLO A EGO jsou bl\u00edzc\u00ed p\u0159\u00edbuzn\u00ed. Pot\u0159ebuj\u00ed jeden druh\u00e9ho. Pokud jste pod vlivem ega a emo\u010dn\u00edho t\u011bla, jste pod vlivem ud\u00e1lost\u00ed a bolestn\u00fdch emoc\u00ed z minulosti. Jin\u00fdmi slovy, to, co vid\u00edte a za\u017e\u00edv\u00e1te, nen\u00ed d\u00e1no situac\u00ed, ale je to ve v\u00e1s.<\/p>\n<p style=\"text-align: justify;\">Neztoto\u017e\u0148ovat se s emo\u010dn\u00edm t\u011blem a egem znamen\u00e1 ZA\u017d\u00cdT OKAM\u017dIK P\u0158\u00cdTOMNOSTI. Vystoupit z hlasu mysli. Kolektivn\u00ed emo\u010dn\u00ed t\u011blo m\u016f\u017ee b\u00fdt i rasov\u00e9. Nap\u0159\u00edklad se projevuje u \u017did\u016f, proto\u017ee byli n\u011bkolik stolet\u00ed pron\u00e1sledov\u00e1ni. A\u0165 je emo\u010dn\u00ed t\u011blo individu\u00e1ln\u00ed, kolektivn\u00ed nebo rasov\u00e9 \u2013 VY m\u00e1te mo\u017enost ho p\u0159ekonat.<\/p>\n<p style=\"text-align: justify;\">Jak ho p\u0159ekonat a dostat se z n\u011bj? P\u0158IJMOUT OPOV\u011aDNOST ZA SOU\u010cASN\u00dd STAV SV\u00c9HO NITRA. I kdy\u017e se va\u0161e obvin\u011bn\u00ed zdaj\u00ed b\u00fdt opr\u00e1vn\u011bn\u00e1, dokud obvi\u0148ujete ostatn\u00ed, jste st\u00e1le chyceni do pasti ega a krm\u00edte sv\u00e9 emo\u010dn\u00ed t\u011blo jeho my\u0161lenkami. P\u00daVODCEM V\u0160EHO ZLA NA ZEMI JE LIDK\u00c9 NEV\u011aDOM\u00cd. Teprve kdy\u017e si toto uv\u011bdom\u00edte, budete schopni prav\u00e9ho odpu\u0161t\u011bn\u00ed. S odpu\u0161t\u011bn\u00edm zmiz\u00ed i va\u0161e toto\u017enost ob\u011bti, \u010d\u00edm\u017e z\u00edsk\u00e1te obrovskou s\u00edlu \u2013 s\u00edlu P\u0159\u00edtomnosti. Nebudete \u0159e\u0161it st\u00e1le minulost.<\/p>\n<h2 style=\"text-align: justify;\">KDO SKUTE\u010cN\u011a JSME?<\/h2>\n<p style=\"text-align: justify;\">Kdy\u017e si uv\u011bdom\u00edme sv\u00e9 EGO, pochop\u00edme \u017ee nejsme sv\u00fdm egem. To znamen\u00e1 nejsme ty my\u0161lenky a pocity, kter\u00e9 v n\u00e1s ego ve spolupr\u00e1ci s emo\u010dn\u00edm t\u011blem vzbuzovalo. Neznamen\u00e1 to v\u0161ak je\u0161t\u011b \u017ee v\u00edte kdo jste \u2013 znamen\u00e1 to pouze, \u017ee v\u00edte kdo nejste. Ale jen t\u00edmto zp\u016fsobem \u2013 \u017ee si uv\u011bdom\u00edte, kdo nejste &#8211; m\u00e1te \u0161anci p\u0159ekonat nejv\u011bt\u0161\u00ed p\u0159ek\u00e1\u017eku na cest\u011b za sebepozn\u00e1n\u00edm. K tomu abyste poznali ,,k\u00fdm jste\u201c nepot\u0159ebujete v\u00edru, nemus\u00edte dokonce ani nic ud\u011blat, proto\u017ee vy u\u017e jste t\u00edm k\u00fdm jste. Dokud si to ale neuv\u011bdom\u00edte, neza\u010dnete vyza\u0159ovat va\u0161e prav\u00e1 J\u00e1 do sv\u011bta.<\/p>\n<p style=\"text-align: justify;\">Va\u0161e skute\u010dn\u00e9 j\u00e1 z\u016fstane neprojeven\u00e9, ve sv\u011bt\u011b kter\u00fd je va\u0161\u00edm domovem, pak budete zjevn\u011b chud\u00fdm \u010dlov\u011bkem, kter\u00fd nev\u00ed \u017ee m\u00e1 v bance mili\u00f3ny, a sv\u00e9 bohatstv\u00ed nevyu\u017eije. TOTO je nejd\u016fle\u017eit\u011bj\u0161\u00ed posl\u00e1n\u00ed ka\u017ed\u00e9ho z n\u00e1s. Ne cesta dop\u0159edu k vy\u0161\u0161\u00edmu duchovnu, ale cesta sama k sob\u011b. K tomu k\u00fdm ve skute\u010dnosti jsme. Ve chv\u00edli kdy nalezneme sami sebe, svou pravou podstatu, nep\u0159ekr\u00fdvanou EGEM toti\u017e teprve m\u016f\u017eeme naplnit n\u00e1\u0161 \u00fad\u011bl \u010dlov\u011bka a samotn\u00e9ho lidstva \u2013 TVO\u0158EN\u00cd.<\/p>\n","protected":false},"excerpt":{"rendered":"<p>Emoce a ego V\u011bt\u0161ina lid\u00ed je ovl\u00e1d\u00e1na svou ment\u00e1ln\u00ed mysl\u00ed. Hlas v na\u0161\u00ed hlav\u011b si \u017eije sv\u00fdm vlastn\u00edm \u017eivotem. Bohu\u017eel v\u011bt\u0161ina lid\u00ed je sv\u00e9mu hlasu vyd\u00e1na na milost. Jejich my\u0161lenky je ovl\u00e1daj\u00ed- jsou ovl\u00e1d\u00e1ni svou mysl\u00ed. Proto\u017ee je mysl ovlivn\u011bn\u00e1 minulost\u00ed jsou nuceni znovu a znovu minulost opakovat. Na v\u00fdchod\u011b se tomu \u0159\u00edk\u00e1 karma. Pokud <a href=\"https:\/\/www.andelskaduchovniterapie.cz\/?page_id=24\" rel=\"nofollow\"><span class=\"sr-only\">P\u0159e\u010d\u00edst si v\u00edc oEgo a emo\u010dn\u00ed t\u011blo<\/span>[&#8230;]<\/a><\/p>\n","protected":false},"author":1,"featured_media":0,"parent":22,"menu_order":0,"comment_status":"open","ping_status":"open","template":"","meta":{"footnotes":""},"class_list":["post-24","page","type-page","status-publish","hentry"],"_links":{"self":[{"href":"https:\/\/www.andelskaduchovniterapie.cz\/index.php?rest_route=\/wp\/v2\/pages\/24","targetHints":{"allow":["GET"]}}],"collection":[{"href":"https:\/\/www.andelskaduchovniterapie.cz\/index.php?rest_route=\/wp\/v2\/pages"}],"about":[{"href":"https:\/\/www.andelskaduchovniterapie.cz\/index.php?rest_route=\/wp\/v2\/types\/page"}],"author":[{"embeddable":true,"href":"https:\/\/www.andelskaduchovniterapie.cz\/index.php?rest_route=\/wp\/v2\/users\/1"}],"replies":[{"embeddable":true,"href":"https:\/\/www.andelskaduchovniterapie.cz\/index.php?rest_route=%2Fwp%2Fv2%2Fcomments&post=24"}],"version-history":[{"count":1,"href":"https:\/\/www.andelskaduchovniterapie.cz\/index.php?rest_route=\/wp\/v2\/pages\/24\/revisions"}],"predecessor-version":[{"id":25,"href":"https:\/\/www.andelskaduchovniterapie.cz\/index.php?rest_route=\/wp\/v2\/pages\/24\/revisions\/25"}],"up":[{"embeddable":true,"href":"https:\/\/www.andelskaduchovniterapie.cz\/index.php?rest_route=\/wp\/v2\/pages\/22"}],"wp:attachment":[{"href":"https:\/\/www.andelskaduchovniterapie.cz\/index.php?rest_route=%2Fwp%2Fv2%2Fmedia&parent=24"}],"curies":[{"name":"wp","href":"https:\/\/api.w.org\/{rel}","templated":true}]}}