{"id":28,"date":"2015-10-26T09:14:24","date_gmt":"2015-10-26T09:14:24","guid":{"rendered":"http:\/\/web6.webbi.cz\/?page_id=28"},"modified":"2016-08-03T16:27:12","modified_gmt":"2016-08-03T16:27:12","slug":"uceni-eckharta-tolla","status":"publish","type":"page","link":"https:\/\/www.andelskaduchovniterapie.cz\/?page_id=28","title":{"rendered":"U\u010den\u00ed Eckharta Tolla"},"content":{"rendered":"<ul class=\"seznam\">\n<li style=\"text-align: justify;\"><b>Duchovn\u00ed probuzen\u00ed je probuzen\u00ed ze sn\u016f my\u0161len\u00ed.<\/b><\/li>\n<li style=\"text-align: justify;\">Po\u010d\u00e1tkem svobody je pozn\u00e1n\u00ed, \u017ee nejste entitou, kter\u00e1 v\u00e1s ovl\u00e1d\u00e1 \u2013 to jest nejste svou mysl\u00ed.<br \/>\nToto pozn\u00e1n\u00ed v\u00e1m umo\u017e\u0148uje mysl pozorovat. Jakmile ji za\u010dnete pozorovat, aktivujete vy\u0161\u0161\u00ed \u00farove\u0148 v\u011bdom\u00ed.<\/li>\n<li style=\"text-align: justify;\">Doporu\u010duji v\u00e1m nov\u00e9 duchovn\u00ed cvi\u010den\u00ed: neberte sv\u00e9 my\u0161lenky v\u00e1\u017en\u011b.<\/li>\n<li style=\"text-align: justify;\">Mysl sama nen\u00ed dysfunk\u010dn\u00ed. Je to \u00fa\u017easn\u00fd n\u00e1stroj. K poru\u0161en\u00ed funkc\u00ed doch\u00e1z\u00ed, kdy\u017e v mysli hled\u00e1te sv\u00e9 j\u00e1 a ztoto\u017e\u0148ujete se s n\u00ed. Pak se stane egoistickou mysl\u00ed a za\u010dne v\u00e1s ovl\u00e1dat.<\/li>\n<li style=\"text-align: justify;\">Za nes\u010detn\u00fdm mno\u017estv\u00edm \u017eivotn\u00edch forem, kter\u00e9 se rod\u00ed a um\u00edraj\u00ed, existuje jeden v\u011b\u010dn\u00fd a v\u0161udyp\u0159\u00edtomn\u00fd \u017divot&#8230; j\u00e1 jej \u010dasto naz\u00fdv\u00e1m Byt\u00edm. Slovo Byt\u00ed nic nevysv\u011btluje, stejn\u011b jako slovo B\u016fh. Byt\u00ed m\u00e1 v\u0161ak tu p\u0159ednost, \u017ee to je otev\u0159en\u00fd pojem. Nesna\u017e\u00ed se redukovat neviditelnou nekone\u010dnost na kone\u010dnou entitu&#8230; Nikdo nen\u00ed v\u00fdlu\u010dn\u00fdm vlastn\u00edkem Byt\u00ed. Byt\u00ed je p\u0159\u00edtomnost, kterou bezprost\u0159edn\u011b vn\u00edm\u00e1te jako svou vlastn\u00ed p\u0159\u00edtomnost. Tak\u017ee od slova Byt\u00ed je jen kr\u016f\u010dek k pro\u017eitku byt\u00ed.<\/li>\n<li style=\"text-align: justify;\">Sta\u010d\u00ed pln\u011b p\u0159ijmout tento okam\u017eik. Kdy\u017e to ud\u011bl\u00e1te, najdete hlubok\u00fd vnit\u0159n\u00ed klid.<\/li>\n<li style=\"text-align: justify;\">V\u0161echno, co p\u0159ijmete bezv\u00fdhradn\u011b, v\u00e1m p\u0159inese klid, dokonce i p\u0159ijet\u00ed skute\u010dnosti, \u017ee n\u011bco p\u0159ijmout nem\u016f\u017eete a \u017ee se n\u011b\u010demu br\u00e1n\u00edte.<\/li>\n<li style=\"text-align: justify;\">Zapomn\u011bli jsme n\u011bco, co st\u00e1le je\u0161t\u011b v\u011bd\u00ed kameny, rostliny a zv\u00ed\u0159ata. Zapomn\u011bli jsme, jak b\u00fdt \u2013 jak b\u00fdt sami sebou, jak b\u00fdt tam, kde je \u017eivot: tady a te\u010f.<\/li>\n<li style=\"text-align: justify;\">Poslouchejte zvuky p\u0159\u00edrody \u2013 \u0161ust\u011bn\u00ed list\u016f ve v\u011btru, \u0161um\u011bn\u00ed de\u0161t\u011b, bzukot hmyzu, zp\u011bv pt\u00e1k\u016f za \u00fasvitu. Naslouchejte celou svou bytost\u00ed. Pod hladinou zvuk\u016f je n\u011bco v\u011bt\u0161\u00edho: posv\u00e1tnost, ji\u017e nelze pochopit my\u0161len\u00edm.<\/li>\n<\/ul>\n","protected":false},"excerpt":{"rendered":"<p>Duchovn\u00ed probuzen\u00ed je probuzen\u00ed ze sn\u016f my\u0161len\u00ed. Po\u010d\u00e1tkem svobody je pozn\u00e1n\u00ed, \u017ee nejste entitou, kter\u00e1 v\u00e1s ovl\u00e1d\u00e1 \u2013 to jest nejste svou mysl\u00ed. Toto pozn\u00e1n\u00ed v\u00e1m umo\u017e\u0148uje mysl pozorovat. Jakmile ji za\u010dnete pozorovat, aktivujete vy\u0161\u0161\u00ed \u00farove\u0148 v\u011bdom\u00ed. Doporu\u010duji v\u00e1m nov\u00e9 duchovn\u00ed cvi\u010den\u00ed: neberte sv\u00e9 my\u0161lenky v\u00e1\u017en\u011b. Mysl sama nen\u00ed dysfunk\u010dn\u00ed. Je to \u00fa\u017easn\u00fd n\u00e1stroj. K <a href=\"https:\/\/www.andelskaduchovniterapie.cz\/?page_id=28\" rel=\"nofollow\"><span class=\"sr-only\">P\u0159e\u010d\u00edst si v\u00edc oU\u010den\u00ed Eckharta Tolla<\/span>[&#8230;]<\/a><\/p>\n","protected":false},"author":1,"featured_media":0,"parent":26,"menu_order":0,"comment_status":"open","ping_status":"open","template":"","meta":{"footnotes":""},"class_list":["post-28","page","type-page","status-publish","hentry"],"_links":{"self":[{"href":"https:\/\/www.andelskaduchovniterapie.cz\/index.php?rest_route=\/wp\/v2\/pages\/28","targetHints":{"allow":["GET"]}}],"collection":[{"href":"https:\/\/www.andelskaduchovniterapie.cz\/index.php?rest_route=\/wp\/v2\/pages"}],"about":[{"href":"https:\/\/www.andelskaduchovniterapie.cz\/index.php?rest_route=\/wp\/v2\/types\/page"}],"author":[{"embeddable":true,"href":"https:\/\/www.andelskaduchovniterapie.cz\/index.php?rest_route=\/wp\/v2\/users\/1"}],"replies":[{"embeddable":true,"href":"https:\/\/www.andelskaduchovniterapie.cz\/index.php?rest_route=%2Fwp%2Fv2%2Fcomments&post=28"}],"version-history":[{"count":3,"href":"https:\/\/www.andelskaduchovniterapie.cz\/index.php?rest_route=\/wp\/v2\/pages\/28\/revisions"}],"predecessor-version":[{"id":333,"href":"https:\/\/www.andelskaduchovniterapie.cz\/index.php?rest_route=\/wp\/v2\/pages\/28\/revisions\/333"}],"up":[{"embeddable":true,"href":"https:\/\/www.andelskaduchovniterapie.cz\/index.php?rest_route=\/wp\/v2\/pages\/26"}],"wp:attachment":[{"href":"https:\/\/www.andelskaduchovniterapie.cz\/index.php?rest_route=%2Fwp%2Fv2%2Fmedia&parent=28"}],"curies":[{"name":"wp","href":"https:\/\/api.w.org\/{rel}","templated":true}]}}