{"id":32,"date":"2015-10-26T09:15:41","date_gmt":"2015-10-26T09:15:41","guid":{"rendered":"http:\/\/web6.webbi.cz\/?page_id=32"},"modified":"2015-10-26T09:15:41","modified_gmt":"2015-10-26T09:15:41","slug":"transformace","status":"publish","type":"page","link":"https:\/\/www.andelskaduchovniterapie.cz\/?page_id=32","title":{"rendered":"Transformace"},"content":{"rendered":"<p style=\"text-align: justify;\">V\u0161e se v tuto dobu urychluje, m\u016f\u017ee za to evoluce. Urychluje se t\u00edm p\u00e1dem i na\u0161e prom\u011bna, to znamen\u00e1 \u017ee se transformujeme. V\u0161ichni tyto zm\u011bny na sob\u011b za\u017e\u00edv\u00e1me a poci\u0165ujeme a to ka\u017ed\u00fd vlastn\u00edm zp\u016fsobem. Projevy vzestupu b\u00fdvaj\u00ed hodn\u011b individu\u00e1ln\u00ed a \u010dasto se objevuj\u00ed nejr\u016fzn\u011bj\u0161\u00ed pot\u00ed\u017ee. V\u0161echny tyto ,,zvl\u00e1\u0161tn\u00ed\u201c symptomy ustanou pot\u00e9, co definitivn\u011b ,,zakotv\u00edme\u201c ve vy\u0161\u0161\u00ed realit\u011b.<\/p>\n<h4 style=\"text-align: justify;\">P\u0159\u00edznaky vzestupu :<\/h4>\n<ol class=\"cislovany\">\n<li style=\"text-align: justify;\">Pocit stresu. Pamatujte, \u017ee si zvyk\u00e1me na vy\u0161\u0161\u00ed vibrace a nakonec si zvykneme. Na povrch jsou tak\u00e9 vytla\u010dov\u00e1ny star\u00e9 vzorce chov\u00e1n\u00ed a syst\u00e9my p\u0159esv\u011bd\u010den\u00ed,dogmata kop\u00edrov\u00e1n\u00ed chov\u00e1n\u00ed, kter\u00e9 zn\u00e1me z okol\u00ed. Uvnit\u0159 n\u00e1s se toho d\u011bje mnoho!<\/li>\n<li style=\"text-align: justify;\">Pocit dezorientace, ztr\u00e1ta orienta\u010dn\u00edho smyslu. D\u011bje se to proto, \u017ee se u\u017e nenach\u00e1z\u00edme ve 3D realit\u011b, nebo\u0165 jsme ji\u017e ode\u0161li, nebo jsme v procesu odchodu do vy\u0161\u0161\u00edch realit.<\/li>\n<li style=\"text-align: justify;\">Zvl\u00e1\u0161tn\u00ed bolesti v n\u011bkter\u00e9 z \u010d\u00e1st\u00ed va\u0161eho t\u011bla. \u010cist\u00edme si a uvol\u0148ujeme energetick\u00e9 bloky energie vibruj\u00edc\u00ed ve 3D, zat\u00edmco ji\u017e vibrujete ve vy\u0161\u0161\u00ed dimenzi.<\/li>\n<li style=\"text-align: justify;\">V noci se \u010dasto bud\u00edme nebo trp\u00edme nespavost\u00ed. B\u011bhem sp\u00e1nku se toho mnoho d\u011bje. Nelze tam pob\u00fdvat souvisle dlouho a proto pot\u0159ebujeme p\u0159est\u00e1vku. Je to tak\u00e9 doba ,,\u010di\u0161t\u011bn\u00ed a uvol\u0148ov\u00e1n\u00ed\u201c.<\/li>\n<li style=\"text-align: justify;\">Probl\u00e9my s pam\u011bt\u00ed. M\u016f\u017ee b\u00fdt probl\u00e9m vybavit si slova. \u010cast\u00e9 ztr\u00e1ty kr\u00e1tkodob\u00e9 pam\u011bti a i svou minulost si vybavujeme velmi v\u00e1gn\u011b. Jsme ve v\u00edce jak jedn\u00e9 dimenzi v jednom \u010dase a kdy\u017e se pohybujeme dop\u0159edu a dozadu (pozn\u00e1v\u00e1me a p\u0159ij\u00edm\u00e1me to nov\u00e9 a zpracov\u00e1v\u00e1me a p\u0159ij\u00edm\u00e1me to star\u00e9) za\u017e\u00edv\u00e1me rozpolcen\u00ed nebo tak\u00e9 rozdvojen\u00ed.. Na\u0161e \u010d\u00e1st je tak\u00e9 \u010d\u00e1st\u00ed Star\u00e9ho a to Star\u00e9 je ji\u017e nav\u017edy pry\u010d. Setrv\u00e1n\u00ed v p\u0159\u00edtomnosti je zp\u016fsob Nov\u00e9ho sv\u011bta.<\/li>\n<li style=\"text-align: justify;\">Zv\u00fd\u0161en\u00e1 citlivost na va\u0161e okol\u00ed. Davy, zvuky, j\u00eddla, TV, jin\u00e9 lidsk\u00e9 hlasy a r\u016fzn\u00e9 dal\u0161\u00ed podn\u011bty jsou t\u00e9m\u011b\u0159 netolerovateln\u00e9. M\u016f\u017eeme snadno podlehnout podr\u00e1\u017ed\u011bnosti. Vyla\u010fujeme se! Nebojte se toto brzy pomine.<\/li>\n<li style=\"text-align: justify;\">M\u016f\u017eete m\u00edt pocit \u017ee byste nejrad\u011bji za sv\u00e9ho t\u011bla unikli. M\u00e1 to n\u00e1vaznost na zv\u00fd\u0161en\u00fd stres, kter\u00fdm v\u0161ichni v t\u011bchto \u010dasech proch\u00e1z\u00edme. Na\u0161e t\u011bla nyn\u00ed proch\u00e1z\u00ed v\u0161\u00edm mo\u017en\u00fdm a mo\u017en\u00e1 v n\u011bm nechcete b\u00fdt. Jde o proces p\u0159echodu a vy nechcete za\u017e\u00edvat to, \u010d\u00edm zrovna proch\u00e1z\u00ed va\u0161e t\u011blo.<\/li>\n<li style=\"text-align: justify;\">U v\u011bt\u0161iny z n\u00e1s doch\u00e1z\u00ed ke ztr\u00e1t\u011b identity. Sna\u017e\u00edte se dostat do va\u0161eho Star\u00e9ho J\u00e1, ale to u\u017e tam nen\u00ed. P\u0159i pohledu do zrcadla si mo\u017en\u00e1 \u0159\u00edk\u00e1te kdo vlastn\u011b jsem? D\u011bje se to proto, \u017ee se o\u010di\u0161\u0165ujete od star\u00fdch vzorc\u016f. Te\u010f jste plni sv\u011btla a za\u010d\u00edn\u00e1 se projevovat va\u0161e ,,Bo\u017esk\u00e9 J\u00e1\u201c. Nem\u011bjte obavy v\u0161e je tak jak m\u00e1 b\u00fdt!<\/li>\n<li style=\"text-align: justify;\">Po \u010dast\u00e9m probouzen\u00ed se a nespavosti nast\u00e1v\u00e1 obdob\u00ed \u00fanavy a ospalosti i p\u0159es den. M\u00e1me pocit \u017ee bychom mohli prospat cel\u00fd den. P\u0159ich\u00e1z\u00ed obdob\u00ed hlubok\u00e9ho sp\u00e1nku. P\u0159i\u0161lo obdob\u00ed odpo\u010dinku, aklimatizace, proch\u00e1z\u00edte ucelen\u00edm a sjednocen\u00edm se pro vy\u0161\u0161\u00ed celek (integrujete se), zat\u00edmco se tak\u00e9 p\u0159ipravujete pro dal\u0161\u00ed f\u00e1zi.<\/li>\n<li style=\"text-align: justify;\">M\u016f\u017eete za\u017e\u00edvat r\u016fzn\u00e9 ,,sly\u0161iny nebo vidiny\u201c. P\u0159i prostupu za\u017e\u00edv\u00e1me a pozn\u00e1v\u00e1me r\u016fzn\u00e9 dimenze a intenzita toho pro\u017e\u00edv\u00e1n\u00ed je z\u00e1visl\u00e1 od toho, jak jsme citliv\u00ed a jak jsme nalad\u011bni.<\/li>\n<li style=\"text-align: justify;\">Doch\u00e1z\u00ed k z\u00e1vrat\u00edm, ztr\u00e1t\u011b rovnov\u00e1hy, bolestem v z\u00e1dech, v krku, \u010dast\u00fdm bolestem hlavy (aktivuje se n\u00e1m informa\u010dn\u00ed kan\u00e1l), nevolnostem (\u010dist\u00ed se na\u0161e Ego), rozmazan\u00e9 vid\u011bn\u00ed, srde\u010dn\u00ed palpitace (aktivuje se srde\u010dn\u00ed \u010dakra), a samoz\u0159ejm\u011b nespavost nebo naopak zv\u00fd\u0161en\u00e1 \u00fanava.<\/li>\n<li style=\"text-align: justify;\">Jsme mnohem citliv\u011bj\u0161\u00ed. Rozpl\u00e1\u010de n\u00e1s cokoliv, a\u0165 u\u017e podn\u011bty zven\u010d\u00ed, tak na\u0161e \u00favahy a vzpom\u00ednky. Je jedno zda to bude vesel\u00e9 \u010di smutn\u00e9.<\/li>\n<li style=\"text-align: justify;\">M\u016f\u017eete m\u00edt probl\u00e9m uv\u011bdomit si a soust\u0159edit se jako nap\u0159\u00edklad, p\u0159i sledov\u00e1n\u00ed v\u011bc\u00ed. Vzpomenout si k \u010demu ta a ta v\u011bc slou\u017e\u00ed, k \u010demu je ur\u010dena. To, k \u010demu p\u0159itom doch\u00e1z\u00ed je to, \u017ee vibrujete v bod\u011b, kde v\u0161echno udr\u017euje pouze v\u00fdznam a identitu, kterou tomu d\u00e1me. Ve vy\u0161\u0161\u00edch realit\u00e1ch je energie prost\u011b jenom energi\u00ed bez n\u011bjak\u00e9 n\u00e1lepky \u010di n\u00e1zvu. A my u\u017e v\u00edme \u017ee v\u0161e je vlastn\u011b vytvo\u0159eno z energie. V\u0161e je \u010derstv\u00e9 a nov\u00e9. Jde o ztr\u00e1tu pot\u0159eby n\u011bco ovl\u00e1dat a kontrolovat.<\/li>\n<li style=\"text-align: justify;\">Nem\u016f\u017eeme si vzpomenout, co jsme d\u011blali, nebo s k\u00fdm jsme mluvili v\u010dera, ob\u010das dokonce ani na to, co jsme d\u011blali p\u0159ed malou chv\u00edl\u00ed. Ve vy\u0161\u0161\u00edch dimenz\u00edch je realita pr\u00e1v\u011b v ten okam\u017eik, proto se u\u010d\u00edme ch\u00e1pat d\u016fle\u017eitost pro\u017e\u00edv\u00e1n\u00ed p\u0159\u00edtomn\u00e9ho okam\u017eiku (pr\u00e1v\u011b co je te\u010f a tady) A pokud n\u011bco nedr\u017e\u00edme ve sv\u00e9m v\u011bdom\u00ed, prost\u011b to p\u0159estane existovat. Nem\u00e1me \u017e\u00e1dn\u00e9 p\u0159\u00edlohy. Vytv\u00e1\u0159\u00edme si kolem sebe n\u00e1\u0161 vlastn\u00ed nov\u00fd sv\u011bt a to, co ,,nepodr\u017e\u00edme\u201c, p\u0159est\u00e1v\u00e1 existovat. V\u0161e je zcela nov\u00e9, nebo\u0165 za\u010d\u00edn\u00e1me zcela znovu, moment od momentu. Tento stav p\u0159ich\u00e1z\u00ed a prob\u00edh\u00e1, ale je cvi\u010den\u00edm pro \u017eivot ve vy\u0161\u0161\u00edch dimenz\u00edch. Kdy\u017e nast\u00e1v\u00e1, m\u016f\u017ee vzbuzovat trochu hr\u016fzu.<\/li>\n<li style=\"text-align: justify;\">P\u0159ich\u00e1z\u00ed pot\u0159eba zm\u011bnit sv\u00e9 stravovac\u00ed n\u00e1vyky, ozdravit j\u00eddeln\u00ed\u010dek. M\u016f\u017ee doj\u00edt ke ztr\u00e1t\u011b touhy po j\u00eddle. Va\u0161e t\u011blo se p\u0159ipravuje na nov\u00fd, vy\u0161\u0161\u00ed stav byt\u00ed. P\u0159inejmen\u0161\u00edm va\u0161e \u010d\u00e1st ji\u017e nechce b\u00fdt v\u00edce ve Star\u00e9m.<\/li>\n<li style=\"text-align: justify;\">M\u016f\u017eete za\u017e\u00edvat stavy laxnosti cokoliv d\u011blat, vy\u0159izovat atd. Nec\u00edt\u00edte, \u017ee byste m\u011bli n\u011bco d\u011blat. Jste v obdob\u00ed odpo\u010dinku, ,,restartu\u201c. Va\u0161e t\u011blo v\u00ed, co pot\u0159ebuje. Nav\u00edc kdy\u017e za\u010dnete dosahovat vy\u0161\u0161\u00edch hladin, ,,d\u011bl\u00e1n\u00ed\u201c a ,,tla\u010den\u00ed v\u011bc\u00ed aby se staly\u201c se stane zastaral\u00e9, nebo\u0165 Nov\u00e9 energie podporuj\u00ed \u017eenskost vroucnost\u00ed, p\u0159ij\u00edm\u00e1n\u00ed, tvo\u0159en\u00ed, p\u00e9\u010de o sebe a vy\u017eivov\u00e1n\u00ed. Po\u017e\u00e1dejte Univerzum, aby v\u00e1m ,,dalo\u201c to, co chcete, zat\u00edmco vy se budete radovat a u\u017e\u00edvat si!<\/li>\n<li style=\"text-align: justify;\">N\u00e1hl\u00e9 vymizen\u00ed p\u0159\u00e1tel, aktivit, zvyk\u016f, profes\u00ed a bydli\u0161\u0165. Vyv\u00edj\u00edte se a\u017e za to, \u010d\u00edm jste b\u00fdvali a tihle lid\u00e9 a prost\u0159ed\u00ed ji\u017e nevyhovuj\u00ed va\u0161im vibrac\u00edm. Nov\u00e9 p\u0159ich\u00e1z\u00ed nebo p\u0159ijde ji\u017e brzy a bude to \u00fa\u017easn\u00e9!<\/li>\n<li style=\"text-align: justify;\">P\u0159i vykon\u00e1v\u00e1n\u00ed n\u011bkter\u00fdch aktivit se c\u00edt\u00edme p\u0159\u00ed\u0161ern\u011b. Prost\u011b u\u017e nem\u016f\u017eete vykon\u00e1vat n\u011bkter\u00e9 aktivity. Kdy\u017e se pokus\u00edte d\u011blat svou obvyklou rutinu a aktivity, c\u00edt\u00edte se p\u0159\u00ed\u0161ern\u011b.<\/li>\n<li style=\"text-align: justify;\">N\u011bkter\u00e9 dny se budete c\u00edtit extr\u00e9mn\u011b vy\u010derpan\u00ed. Na\u0161e t\u011blo ztr\u00e1c\u00ed hustotu a proch\u00e1z\u00ed intenzivn\u00edm zlep\u0161en\u00edm, zm\u011bnou struktury k lep\u0161\u00edmu.<\/li>\n<li style=\"text-align: justify;\">N\u011bkter\u00e9 dny jakoby st\u00e1le, s v\u00fdjimkou p\u00e1r hodin n\u011bco poci\u0165ujeme, kdy se v\u00e1m zcela ulev\u00ed a pak to za\u010dne nanovo. Energie p\u0159ich\u00e1z\u00ed doslova ve vln\u00e1ch. D\u0159\u00edve to b\u00fdvalo obr\u00e1cen\u011b, ale s bl\u00ed\u017e\u00edc\u00edm se vstupem Zem\u011b do vy\u0161\u0161\u00edch vibrac\u00ed se pom\u011br obrac\u00ed.<\/li>\n<li style=\"text-align: justify;\">Nastupuje pot\u0159eba velmi \u010dasto j\u00edst, kombinovan\u00e1 s n\u011b\u010d\u00edm, co vypad\u00e1 jako z\u00e1chvaty n\u00edzk\u00e9 hladiny cukru v krvi. N\u00e1r\u016fst v\u00e1hy (zejm\u00e9na v oblasti b\u0159icha). Touha po proteinu (b\u00edlkovina). Pro proces vzestupu pot\u0159ebujete enormn\u00ed mno\u017estv\u00ed paliva. N\u00e1r\u016fst v\u00e1hy spole\u010dn\u011b s nemo\u017enost\u00ed ji shodit, a\u0165 d\u011bl\u00e1te cokoliv, je jedn\u00edm z nejv\u00edce typick\u00fdch pro\u017eitk\u016f. Nen\u00ed d\u016fvod se toho ob\u00e1vat, va\u0161e t\u011blo v\u00ed, co d\u011bl\u00e1.<\/li>\n<li style=\"text-align: justify;\">Ztr\u00e1c\u00edme kontrolu nad na\u0161imi emocemi. Emoce v\u00e1m l\u00edtaj\u00ed nahoru a dol\u016f. Na\u0161e emoce jsou kl\u00ed\u010dem pro uvoln\u011bn\u00ed a uvol\u0148ujeme toho mnoho.<\/li>\n<li style=\"text-align: justify;\">Zjist\u00edte, \u017ee st\u00e1le \u010dast\u011bji mluv\u00edte sami se sebou. Najednou zjist\u00edte, \u017ee u\u017e 30 minut chatujete s\u00e1m se sebou. Za\u017e\u00edv\u00e1te novou \u00farove\u0148 komunikace, kter\u00e1 se stane plynn\u011bj\u0161\u00ed, soust\u0159ed\u011bn\u011bj\u0161\u00ed, hlub\u0161\u00ed. Nem\u011bjte strach, nebl\u00e1zn\u00edte, pouze v\u00e1mi plyne nov\u00e1 energie.<\/li>\n<li style=\"text-align: justify;\">P\u0159ich\u00e1z\u00ed uvol\u0148ov\u00e1n\u00ed z rodinn\u00fdch vztah\u016f. Se sv\u00fdmi bl\u00edzk\u00fdmi, svou rodinou, jste spojeni prost\u0159ednictv\u00edm karmy. Tyto pouta se postupn\u011b uvol\u0148uj\u00ed a vy budete voln\u00ed. M\u016f\u017ee to vypadat, \u017ee se kamar\u00e1d\u016fm a rodinn\u00fdm p\u0159\u00edslu\u0161n\u00edk\u016fm vzdalujete, ale pomine to a budete m\u00edt \u0161anci nav\u00e1zat vztahy nov\u00e9 \u00farovn\u011b.<\/li>\n<li style=\"text-align: justify;\">Chcete j\u00edt ,,DOM\u016e\u201c, jako kdyby v\u0161emu byl ,,KONEC\u201c a vy jste sem ji\u017e v\u016fbec nepat\u0159ili. Vrac\u00edme se ke Zdroji. V\u0161emu JE skute\u010dn\u011b konec. (Ale mnoho z n\u00e1s z\u016fst\u00e1v\u00e1, aby si vyzkou\u0161eli tvo\u0159en\u00ed Nov\u00e9ho Sv\u011bta). Tak\u00e9 na\u0161e star\u00e9 pl\u00e1ny pro p\u0159\u00edchod byly zavr\u0161eny.<\/li>\n<li style=\"text-align: justify;\">S\u00edl\u00edc\u00ed pocit, \u017ee ze\u0161\u00edl\u00edte, strach z n\u011bjak\u00e9 psychick\u00e9 nemoci. Za\u017e\u00edv\u00e1te toti\u017e n\u011bkolik dimenz\u00ed najednou a velk\u00e9 otev\u00edr\u00e1n\u00ed se. Nyn\u00ed je v\u00e1m ji\u017e v\u011bt\u0161ina dimenz\u00ed p\u0159\u00edstupna. Zat\u00edm jen nejste zvykl\u00ed to pou\u017e\u00edvat. Va\u0161e v\u011bdom\u00ed bylo posunuto v\u00fd\u0161e a va\u0161e bari\u00e9ry jsou pry\u010d. To pomine a vy se v tom budete c\u00edtit Doma jako nikdy p\u0159edt\u00edm, nebo\u0165 Doma jste nyn\u00ed zde.<\/li>\n<li style=\"text-align: justify;\">P\u0159ijdou i deprese. Vn\u011bj\u0161\u00ed sv\u011bt mo\u017en\u00e1 nen\u00ed v souladu s va\u0161\u00edm Nov\u00fdm, v\u00fd\u0161e vibruj\u00edc\u00edm J\u00e1, kter\u00e9 se tam p\u0159\u00edli\u0161 dob\u0159e nec\u00edt\u00ed. Uvol\u0148ujete tak\u00e9 ni\u017e\u0161\u00ed, temn\u011bj\u0161\u00ed energie a d\u00edv\u00e1te se skrze n\u011b. Nepodl\u00e9hejte tomu a vydr\u017ete to! V\u0161echno p\u0159ejde.<\/li>\n<li style=\"text-align: justify;\">Na\u0161e sny se mohou zd\u00e1t \u017eiv\u00e9, ostr\u00e9 a n\u011bkdy n\u00e1siln\u00e9. Uvol\u0148ujeme mnoho, mnoho \u017eivot\u016f s ni\u017e\u0161\u00ed vibra\u010dn\u00ed energi\u00ed. Mnoz\u00ed nyn\u00ed hl\u00e1s\u00ed, \u017ee za\u017e\u00edvaj\u00ed \u00fa\u017easn\u00e9 sny. Va\u0161e sn\u011bn\u00ed se nakonec zlep\u0161\u00ed a budete si to zase u\u017e\u00edvat. No\u010dn\u00ed m\u016fry se mohou objevit i za b\u00edl\u00e9ho dne.<\/li>\n<li style=\"text-align: justify;\">Doch\u00e1z\u00ed k p\u0159eh\u0159\u00edv\u00e1n\u00ed t\u011bla a n\u00e1sledn\u00e9mu pocen\u00ed. D\u011bje se tak hlavn\u011b v noci a to porto, \u017ee na\u0161e t\u011blo spaluje zbytky.<\/li>\n<li style=\"text-align: justify;\">Na\u0161e du\u0161e vyrovn\u00e1v\u00e1 na\u0161i energii a d\u00edky tomu se na\u0161e pl\u00e1ny na p\u016fli cesty m\u011bn\u00ed. V\u011bt\u0161inou se du\u0161e v tomto nov\u00e9m sm\u011bru c\u00edt\u00ed skv\u011ble, proto\u017ee ona v\u00ed l\u00e9pe ne\u017e, my co je pro n\u00e1s dobr\u00e9. V\u00ed toho prost\u011b v\u00edc ne\u017e my. T\u00edm se naru\u0161uj\u00ed na\u0161e obvykl\u00e9, rutinn\u00ed volby a vibrace.<\/li>\n<\/ol>\n","protected":false},"excerpt":{"rendered":"<p>V\u0161e se v tuto dobu urychluje, m\u016f\u017ee za to evoluce. Urychluje se t\u00edm p\u00e1dem i na\u0161e prom\u011bna, to znamen\u00e1 \u017ee se transformujeme. V\u0161ichni tyto zm\u011bny na sob\u011b za\u017e\u00edv\u00e1me a poci\u0165ujeme a to ka\u017ed\u00fd vlastn\u00edm zp\u016fsobem. Projevy vzestupu b\u00fdvaj\u00ed hodn\u011b individu\u00e1ln\u00ed a \u010dasto se objevuj\u00ed nejr\u016fzn\u011bj\u0161\u00ed pot\u00ed\u017ee. V\u0161echny tyto ,,zvl\u00e1\u0161tn\u00ed\u201c symptomy ustanou pot\u00e9, co definitivn\u011b ,,zakotv\u00edme\u201c <a href=\"https:\/\/www.andelskaduchovniterapie.cz\/?page_id=32\" rel=\"nofollow\"><span class=\"sr-only\">P\u0159e\u010d\u00edst si v\u00edc oTransformace<\/span>[&#8230;]<\/a><\/p>\n","protected":false},"author":1,"featured_media":0,"parent":0,"menu_order":0,"comment_status":"open","ping_status":"open","template":"","meta":{"footnotes":""},"class_list":["post-32","page","type-page","status-publish","hentry"],"_links":{"self":[{"href":"https:\/\/www.andelskaduchovniterapie.cz\/index.php?rest_route=\/wp\/v2\/pages\/32","targetHints":{"allow":["GET"]}}],"collection":[{"href":"https:\/\/www.andelskaduchovniterapie.cz\/index.php?rest_route=\/wp\/v2\/pages"}],"about":[{"href":"https:\/\/www.andelskaduchovniterapie.cz\/index.php?rest_route=\/wp\/v2\/types\/page"}],"author":[{"embeddable":true,"href":"https:\/\/www.andelskaduchovniterapie.cz\/index.php?rest_route=\/wp\/v2\/users\/1"}],"replies":[{"embeddable":true,"href":"https:\/\/www.andelskaduchovniterapie.cz\/index.php?rest_route=%2Fwp%2Fv2%2Fcomments&post=32"}],"version-history":[{"count":1,"href":"https:\/\/www.andelskaduchovniterapie.cz\/index.php?rest_route=\/wp\/v2\/pages\/32\/revisions"}],"predecessor-version":[{"id":33,"href":"https:\/\/www.andelskaduchovniterapie.cz\/index.php?rest_route=\/wp\/v2\/pages\/32\/revisions\/33"}],"wp:attachment":[{"href":"https:\/\/www.andelskaduchovniterapie.cz\/index.php?rest_route=%2Fwp%2Fv2%2Fmedia&parent=32"}],"curies":[{"name":"wp","href":"https:\/\/api.w.org\/{rel}","templated":true}]}}