{"id":34,"date":"2015-10-26T09:16:08","date_gmt":"2015-10-26T09:16:08","guid":{"rendered":"http:\/\/web6.webbi.cz\/?page_id=34"},"modified":"2015-10-26T09:16:08","modified_gmt":"2015-10-26T09:16:08","slug":"3-dimenze","status":"publish","type":"page","link":"https:\/\/www.andelskaduchovniterapie.cz\/?page_id=34","title":{"rendered":"3 dimenze"},"content":{"rendered":"<p style=\"text-align: justify;\">3 D REALITA Lidsk\u00e9 v\u011bdom\u00ed se za\u010dalo vyv\u00edjet na \u00farovni 1 D reality v\u011bdom\u00ed. Pot\u00e9 postoupilo do 2 D reality v\u011bdom\u00ed. Do\u0161lo k tomu ji\u017e v letopo\u010dtech p\u0159ed Kristem. Po Kristu jsme za\u010dali vstupovat do realit vy\u0161\u0161\u00edch. 3Dimenze v\u011bdom\u00ed a 4D. V sou\u010dasn\u00e9 dob\u011b se n\u00e1m dokonce p\u0159ibli\u017euje a otev\u00edr\u00e1 5Dimenze v\u011bdom\u00ed. Ve 2Dimenzi jsme byli p\u0159esv\u011bd\u010deni \u017ee zem\u011b je placat\u00e1, \u017ee slunce a m\u011bs\u00edc ob\u00edhaj\u00ed kolem na\u0161\u00ed zem\u011b, a mnoho jin\u00fdch dogmat. Po t\u00e9 jsme p\u0159estoupili do 3 D reality a to d\u00edky tomu \u017ee n\u011bkte\u0159\u00ed jedinci tam mohli nahl\u00e9dnout a u\u010dinit tak objevy o kter\u00e9 se s n\u00e1mi pod\u011blili. Na my\u0161lenkov\u00e9 \u00farovni znamen\u00e1 3D realita, neust\u00e1l\u00e9 opakov\u00e1n\u00ed v\u017eit\u00fdch postoj\u016f k dan\u00fdm situac\u00edm. Na fyzick\u00e9 \u00farovni je 3D realita vn\u00edm\u00e1na jako prostor se 3 ROZM\u011aRY. V\u00fd\u0161ka, \u0161\u00ed\u0159ka a hloubka. Ve 3D realit\u011b jsme byli pod vlivem NI\u017d\u0160\u00cdCH SLO\u017dEK V N\u00c1S. Byli jsme odsouzeni vn\u00edmat jen omezen\u00e9 mno\u017estv\u00ed informac\u00ed. Byli jsme pod vlivem neust\u00e1l\u00fdch dojm\u016f a vjem\u016f, kter\u00e9 na\u0161e mysl reflexivn\u011b zpracov\u00e1vala. Nap\u0159\u00edklad na oblast citovou, na oblast EMOC\u00cd A \u017dIVO\u010cI\u0160N\u00ddCH ATAVISM\u00da. ATAVISMUS je rys nebo znak, biologickou nebo kulturn\u00ed evoluc\u00ed u\u017e p\u0159ekonan\u00fd a vymizel\u00fd, kter\u00fd se v\u0161ak znovu objev\u00ed jako v\u00fdjimka. Jednali jsme skoro a\u017e primitivn\u011b. OKO ZA OKO, ZUB ZA ZUB. Poci\u0165ovali jsme \u017e\u00e1rlivost, majetnickost, strach, frustraci, pon\u00ed\u017een\u00ed. V mnoha p\u0159\u00edpadech byli i na\u0161e sexu\u00e1ln\u00ed pudy ovlivn\u011bny touto primitivn\u00ed pudovost\u00ed. Jednali jsme jako stroje. Ch\u00e1p\u00e1n\u00ed reality a sv\u011bta jsem rozd\u011blili na POVINOST A PO\u017dITKY. Na\u0161t\u011bst\u00ed v n\u00e1s ale z\u016fstala DU\u0160E, kter\u00e1 n\u00e1m p\u0159ipom\u00ednala a vedla n\u00e1s k za\u017e\u00edv\u00e1n\u00ed VY\u017d\u0160\u00cdCH HODNOT, KTER\u00c9 JSOU ZA HRANICEMI NA\u0160\u00cd MYSLI, MYSLI LEHCE ovl\u00e1dan\u00e9 a\u017e manipulovateln\u00e9 na\u0161imi emocemi a pudy. HODNOT JAKO JE, L\u00c1SKA, SOUCIT, P\u0158\u00c1TELSTV\u00cd, POEZIE, ASTROLOGIE A DAL\u0160\u00cd. POCHOPEN\u00cd \u017dE V\u0160E M\u00c1 VY\u017d\u0160\u00cd SMYSL. T\u00edm se dost\u00e1v\u00e1me do 4 Dimenze.<\/p>\n<p style=\"text-align: justify;\">V omezenosti na\u0161\u00ed mysli ve 3D realit\u011b se \u0159\u00edd\u00edme subjektivn\u00edm posuzov\u00e1n\u00edm vjem\u016f a dojm\u016f, kter\u00e9 na n\u00e1s p\u016fsob\u00ed. Subjektivn\u011b se reflexn\u00ed reakce jev\u00ed jako neodolateln\u00e1 nutk\u00e1n\u00ed reagovat na dan\u00e9 vjemy ur\u010dit\u00fdm charakteristick\u00fdm zp\u016fsobem .<\/p>\n<p style=\"text-align: justify;\">Na z\u00e1klad\u011b tohoto pozn\u00e1n\u00ed m\u016f\u017eeme abstrahovat \u010dinnost mysli, to znamen\u00e1 p\u0159ej\u00edt z neuv\u011bdom\u011bl\u00e9ho k uv\u011bdom\u011bl\u00e9mu, tak aby neuv\u011bdom\u011bl\u00fdmi procesy nervov\u00e9ho syst\u00e9mu nebyla mysl ovlivn\u011bna, a touto neovlivn\u011bnou , \u010distou mysl\u00ed potom pronikat do hmoty t\u011bla, poznat ni\u017e\u0161\u00ed slo\u017eky citovosti a m\u011bnit je na nap\u011bt\u00ed vy\u0161\u0161\u00ed kvality. TOHOTO UV\u011aDOM\u011aN\u00cd LZE DOS\u00c1HNOUT MEDITAC\u00cd A POZN\u00c1N\u00cdM, Kter\u00e9ho dos\u00e1hneme, pokud se v\u011bdom\u011b odpout\u00e1me pr\u00e1v\u011b od t\u011bch p\u0159e\u017eit\u00fdch n\u00e1zor\u016f, neboli p\u0159edsudk\u016f, kter\u00e9 ovl\u00e1daj\u00ed sou\u010dasnou spole\u010dnost. Po ur\u010dit\u00e9 dob\u011b praxe nalezneme metodu, kter\u00e1 abstrahov\u00e1n\u00ed \u010dinnosti mysli umo\u017e\u0148uje. Pozn\u00e1v\u00e1 toti\u017e, \u017ee abstrahov\u00e1n\u00ed \u010dinnosti mysli spo\u010d\u00edv\u00e1 v dobr\u00e9m odd\u011blen\u00ed subjektu od objektu, co\u017e ve zjednodu\u0161en\u00e9m smyslu proveden\u00ed znamen\u00e1 vn\u00edm\u00e1n\u00ed sebe jako objekt.<\/p>\n<p style=\"text-align: justify;\">Na tomto stupni sebepozn\u00e1n\u00ed a sebereflexe ji\u017e je evidentn\u00ed, \u017ee tato metoda umo\u017e\u0148uje jak ovl\u00e1d\u00e1n\u00ed difuzn\u00ed \u010dinnosti mysli,je to popisov\u00e1no jako efekt p\u0159ihl\u00ed\u017eej\u00edc\u00edho, tak ovliv\u0148ov\u00e1n\u00ed ni\u017e\u0161\u00ed slo\u017eky citovosti(p\u016fsoben\u00ed pud\u016f a emoc\u00ed). Podle hloubky ovl\u00e1dnut\u00ed difuzn\u00edch tendenc\u00ed mysli rozli\u0161ujeme r\u016fzn\u00e9 stupn\u011b sebekontroly:<br \/>\n1.Mysl neovl\u00e1dan\u00e1, charakterizovan\u00e1 reflexivn\u00edm my\u0161len\u00edm, kter\u00e9 b\u00fdv\u00e1 p\u0159\u00ed\u010dinou zm\u011bny du\u0161evn\u00edch stav\u016f.<br \/>\n2.Mysl kontrolovan\u00e1, charakterizovan\u00e1 reflexivn\u00edm my\u0161len\u00edm, kter\u00e9 v\u0161ak neunik\u00e1 z dosahu uv\u011bdomov\u00e1n\u00ed, B\u00fdv\u00e1 op\u011bt p\u0159\u00ed\u010dinou zm\u011bn du\u0161evn\u00edch stav\u016f.<br \/>\n3.Mysl ovl\u00e1dnut\u00e1, charakterizovan\u00e1 t\u00edm, \u017ee proces my\u0161len\u00ed m\u016f\u017ee b\u00fdt na povel spu\u0161t\u011bn a na povel zastaven. Podm\u00ednkou je eliminace citov\u00fdch vzruch\u016f.<br \/>\n4.Mysl extatick\u00e1, charakterizovan\u00e1 jako v bodu, 3 s t\u00edm rozd\u00edlem, \u017ee jsou eliminov\u00e1ny, vylou\u010deny sv\u011btsk\u00e9 z\u00e1jmy a je pos\u00edlen z\u00e1m\u011br ke kvalit\u011b p\u0159em\u011bn\u011bn\u00e9ho v\u011bdom\u00ed.<br \/>\n5. Mysl zastaven\u00e1. &#8222;je nezbytn\u00e9 vystup\u0148ovat sebepozorov\u00e1n\u00ed a\u017e k dokonale sebekontrole a schopnosti ka\u017ed\u00fd projev ovl\u00e1dat , a pak teprve dojde ke stabilizaci mysli, k nezaujat\u00e9mu vn\u00edm\u00e1n\u00ed a k dobr\u00e9mu uv\u011bdomov\u00e1n\u00ed si v\u0161eho d\u011bn\u00ed.&#8220;<\/p>\n<p style=\"text-align: justify;\">&#8222;S ovl\u00e1dnut\u00edm mysli a jej\u00edm uklidn\u011bn\u00edm mus\u00ed b\u00fdt ovl\u00e1dnuto a prom\u011bn\u011bno tak\u00e9 poci\u0165ov\u00e1n\u00ed (emoce); teprve pak vznik\u00e1 moudrost a radosti p\u0159ich\u00e1zej\u00ed samy,&#8220; \u0159\u00edk\u00e1 K. Mina\u0159\u00edk.<\/p>\n","protected":false},"excerpt":{"rendered":"<p>3 D REALITA Lidsk\u00e9 v\u011bdom\u00ed se za\u010dalo vyv\u00edjet na \u00farovni 1 D reality v\u011bdom\u00ed. Pot\u00e9 postoupilo do 2 D reality v\u011bdom\u00ed. Do\u0161lo k tomu ji\u017e v letopo\u010dtech p\u0159ed Kristem. Po Kristu jsme za\u010dali vstupovat do realit vy\u0161\u0161\u00edch. 3Dimenze v\u011bdom\u00ed a 4D. V sou\u010dasn\u00e9 dob\u011b se n\u00e1m dokonce p\u0159ibli\u017euje a otev\u00edr\u00e1 5Dimenze v\u011bdom\u00ed. Ve 2Dimenzi jsme <a href=\"https:\/\/www.andelskaduchovniterapie.cz\/?page_id=34\" rel=\"nofollow\"><span class=\"sr-only\">P\u0159e\u010d\u00edst si v\u00edc o3 dimenze<\/span>[&#8230;]<\/a><\/p>\n","protected":false},"author":1,"featured_media":0,"parent":32,"menu_order":0,"comment_status":"open","ping_status":"open","template":"","meta":{"footnotes":""},"class_list":["post-34","page","type-page","status-publish","hentry"],"_links":{"self":[{"href":"https:\/\/www.andelskaduchovniterapie.cz\/index.php?rest_route=\/wp\/v2\/pages\/34","targetHints":{"allow":["GET"]}}],"collection":[{"href":"https:\/\/www.andelskaduchovniterapie.cz\/index.php?rest_route=\/wp\/v2\/pages"}],"about":[{"href":"https:\/\/www.andelskaduchovniterapie.cz\/index.php?rest_route=\/wp\/v2\/types\/page"}],"author":[{"embeddable":true,"href":"https:\/\/www.andelskaduchovniterapie.cz\/index.php?rest_route=\/wp\/v2\/users\/1"}],"replies":[{"embeddable":true,"href":"https:\/\/www.andelskaduchovniterapie.cz\/index.php?rest_route=%2Fwp%2Fv2%2Fcomments&post=34"}],"version-history":[{"count":1,"href":"https:\/\/www.andelskaduchovniterapie.cz\/index.php?rest_route=\/wp\/v2\/pages\/34\/revisions"}],"predecessor-version":[{"id":35,"href":"https:\/\/www.andelskaduchovniterapie.cz\/index.php?rest_route=\/wp\/v2\/pages\/34\/revisions\/35"}],"up":[{"embeddable":true,"href":"https:\/\/www.andelskaduchovniterapie.cz\/index.php?rest_route=\/wp\/v2\/pages\/32"}],"wp:attachment":[{"href":"https:\/\/www.andelskaduchovniterapie.cz\/index.php?rest_route=%2Fwp%2Fv2%2Fmedia&parent=34"}],"curies":[{"name":"wp","href":"https:\/\/api.w.org\/{rel}","templated":true}]}}