{"id":38,"date":"2015-10-26T09:17:21","date_gmt":"2015-10-26T09:17:21","guid":{"rendered":"http:\/\/web6.webbi.cz\/?page_id=38"},"modified":"2015-10-26T09:17:21","modified_gmt":"2015-10-26T09:17:21","slug":"merkaba","status":"publish","type":"page","link":"https:\/\/www.andelskaduchovniterapie.cz\/?page_id=38","title":{"rendered":"Merkaba"},"content":{"rendered":"<h2 style=\"text-align: justify;\">Energetick\u00e9 t\u011bleso 3D MERKABA<\/h2>\n<p style=\"text-align: justify;\"><b><i>C\u00edlem tohoto cvi\u010den\u00ed je vytvo\u0159it zvl\u00e1\u0161tn\u00ed &#8222;ochrann\u00fd&#8220; energetick\u00fd obal okolo sv\u00fdch t\u011bl, kter\u00fd je nezbytn\u00fd pro n\u00e1\u0161 dal\u0161\u00ed v\u00fdvoj.<\/i><\/b><\/p>\n<p style=\"text-align: justify;\">V na\u0161em pojet\u00ed se MERKABA skl\u00e1d\u00e1 z jednotliv\u00fdch \u201edvojit\u00fdch \u010dty\u0159st\u011bn\u016f\u201c.<\/p>\n<p style=\"text-align: justify;\">V\u00fdsledn\u00e9 t\u011bleso (3D) MERKABY tvo\u0159\u00ed jakoby ostnatou kouli (je\u017eka), kdy jednotliv\u00e9 protilehl\u00e9 hroty jednotliv\u00fdch dvojit\u00fdch \u010dty\u0159st\u011bn\u016f rotuj\u00ed stejn\u011b jako u v\u00fdchoz\u00edho dvojit\u00e9ho \u010dty\u0159st\u011bnu proti sob\u011b.<\/p>\n<h3 style=\"text-align: justify;\">V\u00fdchoz\u00ed stavebn\u00ed tvar \u2013 DVOJIT\u00dd \u010cTY\u0158ST\u011aN<\/h3>\n<p style=\"text-align: justify;\">Jsou proti sob\u011b, v tom sam\u00e9m prostoru, rotuj\u00edc\u00ed energetick\u00e1 pole ve tvaru \u010dty\u0159st\u011bnu. Tato pole, jsou tvo\u0159en\u00e1 geometrick\u00fdmi strukturami, dva \u010dty\u0159st\u011bny, kter\u00e9 se vz\u00e1jemn\u011b prot\u00ednaj\u00ed tak, \u017ee jejich vrcholy jsou protilehl\u00e9.<br \/>\n<img loading=\"lazy\" decoding=\"async\" src=\"https:\/\/www.andelskaduchovniterapie.cz\/merkaba-obr\/merkaba2001.png\" alt=\"\" width=\"240\" height=\"240\" hspace=\"20\" vspace=\"10\" \/><\/p>\n<p style=\"text-align: justify;\">Horn\u00ed a doln\u00ed \u010dty\u0159st\u011bn se pronikaj\u00ed a tento p\u00e1r tvo\u0159\u00ed \u201cdvojit\u00fd\u201c \u010dty\u0159st\u011bn. V\u00fdchoz\u00ed stavebn\u00ed tvar &#8222;dvojit\u00fd&#8220; \u010dty\u0159st\u011bn se li\u0161\u00ed svou stavbou u \u017eeny a mu\u017ee.<\/p>\n<p style=\"text-align: justify;\">Sestrojte nejd\u0159\u00edve z energie vlastn\u00edho Ducha prvn\u00ed \u010dty\u0159st\u011bn, za\u010dn\u011bte se \u010dty\u0159st\u011bnem s hrotem nahoru (modr\u00fd) (viz. obr\u00e1zky n\u00ed\u017ee). Na \u00farovn\u00ed kostr\u010de (prvn\u00ed \u010dakry) sestrojte podstavu ve tvaru rovnostrann\u00e9ho troj\u00faheln\u00edku tak, \u017ee st\u0159ed tohoto troj\u00faheln\u00edku je shodn\u00fd s prvn\u00ed \u010dakrou, strany troj\u00faheln\u00edku budou do vzd\u00e1lenosti jedn\u00e9 pa\u017ee v\u0161emi sm\u011bry. Nyn\u00ed, kdy\u017e m\u00e1te sestrojenu podstavu, vy\u0161lete paprsek energie z prvn\u00ed \u010dakry (st\u0159edu podstavov\u00e9ho troj\u00faheln\u00edku) a\u017e za ochrann\u00fd val, tam ho ukon\u010dete, nyn\u00ed propojte takto vznikl\u00fd vrchol \u010dty\u0159st\u011bnu s jednotliv\u00fdmi vrcholy podstavov\u00e9ho troj\u00faheln\u00edku a sestroj\u00edte takto \u010dty\u0159st\u011bn s vrcholem nahoru (modr\u00fd).<\/p>\n<p style=\"text-align: justify;\">Analogick\u00fdm zp\u016fsobem sestroj\u00edte \u010dty\u0159st\u011bn s vrcholem dol\u016f (\u010derven\u00fd), s t\u00edm rozd\u00edlen, \u017ee podstava tohoto \u010dty\u0159st\u011bnu bude na \u00farovn\u00ed prsn\u00edch bradavek (\u010dtvrt\u00e9 \u010dakry) a st\u0159ed t\u00e9to podstavy bude shodn\u00fd se \u010dtvrtou \u010dakrou. Vrchol Tohoto \u010dty\u0159st\u011bnu bude le\u017eet op\u011bt za hranicemi ochrann\u00e9ho valu, ale tentokr\u00e1t dole.<\/p>\n<h4 style=\"text-align: justify;\">Sestaven\u00ed v\u00fdsledn\u00e9ho 3D tvaru MERKABY &#8211; (&#8222;je\u017eka&#8220;)<\/h4>\n<p style=\"text-align: justify;\">V n\u00e1sleduj\u00edc\u00ed sekvenci obr\u00e1zk\u016f (z leva doprava a na konec dol\u016f) je zn\u00e1zorn\u011bn zjednodu\u0161en\u011b postup konstrukce a\u017e do v\u00fdsledn\u00e9ho 3D tvaru. Tento postup je zvolen tak jak jsme zvykl\u00ed to d\u011blat, jinak jestli V\u00e1m bude vyhovovat jin\u00fd postup, klidn\u011b ho pou\u017eijte, d\u016fle\u017eit\u00e9 je ov\u0161em dos\u00e1hnout v\u00fdsledn\u00e9ho tvaru v\u010detn\u011b rotace jednotliv\u00fd prvk\u016f (ostn\u016f).<\/p>\n<h4 style=\"text-align: justify;\">Postupujte p\u0159ibli\u017en\u011b takto:<\/h4>\n<p style=\"text-align: justify;\">K v\u00fdchoz\u00edmu tvaru a postaven\u00ed (obr. 1) p\u0159id\u00e1te dal\u0161\u00ed dvojit\u00fd \u010dty\u0159st\u011bn do roviny pod \u00fahlem 90\u00b0 &#8222;modr\u00fdm&#8220; \u010dty\u0159st\u011bnem dop\u0159edu (obr. 2) , po zvl\u00e1dnut\u00ed vizualizace t\u00e9to rotuj\u00edc\u00ed dvojice p\u0159id\u00e1te dal\u0161\u00ed dvojit\u00fd \u010dty\u0159st\u011bn pod \u00fahlem 90\u00b0 &#8222;modr\u00fdm&#8220; \u010dty\u0159st\u011bnem doleva (obr. 3) vizualizujete si tuto rotuj\u00edc\u00ed dvojici. T\u00edm jste vytvo\u0159ily osov\u00fd k\u0159\u00ed\u017e.<\/p>\n<p style=\"text-align: justify;\">Je bohu\u017eel d\u016fle\u017eit\u00e1 tato otrock\u00e1 konstrukce, je nutn\u00e9 aby si fyzick\u00e9 t\u011blo pomalu zvykalo na vznikaj\u00edc\u00ed energetick\u00e9 pole. M\u011b se jako pr\u016fvodn\u00ed jev dostavovala bolest v z\u00e1dech, pokud budete m\u00edt podobn\u00fd z\u00e1\u017eitek, tak se nelekejte a pokra\u010dujte d\u00e1l.<\/p>\n<p style=\"text-align: justify;\">D\u00e1le p\u0159id\u00e1te dal\u0161\u00ed dvojit\u00fd \u010dty\u0159st\u011bn do roviny pod \u00fahlem 33\u00b0 &#8222;modr\u00fdm&#8220; \u010dty\u0159st\u011bnem dop\u0159edu (obr. 4), po zvl\u00e1dnut\u00ed vizualizace t\u00e9to rotuj\u00edc\u00ed dvojice p\u0159id\u00e1te dal\u0161\u00ed dvojit\u00fd \u010dty\u0159st\u011bn pod \u00fahlem 33\u00b0 &#8222;modr\u00fdm&#8220; \u010dty\u0159st\u011bnem dozadu (obr. 5), vizualizujete si tuto rotuj\u00edc\u00ed dvojici.<\/p>\n<p style=\"text-align: justify;\">Postupn\u011b symetricky p\u0159id\u00e1v\u00e1te dal\u0161\u00ed dvojit\u00e9 \u010dty\u0159st\u011bny kolem \u201ehlavn\u00edch os\u201c reprezentovan\u00fdch osov\u00fdm k\u0159\u00ed\u017eem zn\u00e1zorn\u011bn\u00e9m na obr. 3. C\u00edl je zat\u011b\u017eovat t\u011blo postupn\u011b symetricky energetick\u00fdm polem.<\/p>\n<p style=\"text-align: justify;\">Dle tohoto postupu pokra\u010dujeme d\u00e1le a p\u0159id\u00e1te dal\u0161\u00ed dvojit\u00fd \u010dty\u0159st\u011bn do roviny pod \u00fahlem 66\u00b0 &#8222;modr\u00fdm&#8220; \u010dty\u0159st\u011bnem dop\u0159edu (obr. 6), po zvl\u00e1dnut\u00ed vizualizace t\u00e9to rotuj\u00edc\u00ed dvojice p\u0159id\u00e1te dal\u0161\u00ed dvojit\u00fd \u010dty\u0159st\u011bn pod \u00fahlem 66\u00b0 &#8222;modr\u00fdm&#8220; \u010dty\u0159st\u011bnem dozadu (obr. 7), vizualizujete si tuto rotuj\u00edc\u00ed dvojici.<\/p>\n<p style=\"text-align: justify;\">V\u00fdsledek by m\u011bl b\u00fdt svisl\u00fd &#8222;prstenec&#8220; z &#8222;ostn\u016f&#8220;, viz. obr. 7.<\/p>\n<p style=\"text-align: justify;\">D\u00e1le se postupuje analogicky, a budeme vytv\u00e1\u0159et prstenec ve vodorovn\u00e9 rovin\u011b (viz. obr. 11).<\/p>\n<p style=\"text-align: justify;\">Tak\u017ee stejn\u011b jako posledn\u011b p\u0159id\u00e1te dal\u0161\u00ed dvojit\u00fd \u010dty\u0159st\u011bn do vodorovn\u00e9 roviny pod \u00fahlem 33\u00b0 &#8222;modr\u00fdm&#8220; \u010dty\u0159st\u011bnem doleva (obr. 8), po zvl\u00e1dnut\u00ed vizualizace t\u00e9to rotuj\u00edc\u00ed dvojice p\u0159id\u00e1te dal\u0161\u00ed dvojit\u00fd \u010dty\u0159st\u011bn pod \u00fahlem 33\u00b0 &#8222;modr\u00fdm&#8220; \u010dty\u0159st\u011bnem doprava (obr. 9), vizualizujete si tuto rotuj\u00edc\u00ed dvojici. Potom p\u0159id\u00e1te dal\u0161\u00ed dvojit\u00fd \u010dty\u0159st\u011bn do vodorovn\u00e9 roviny pod \u00fahlem 66\u00b0 &#8222;modr\u00fdm&#8220; \u010dty\u0159st\u011bnem doleva (obr. 10), po zvl\u00e1dnut\u00ed vizualizace t\u00e9to rotuj\u00edc\u00ed dvojice p\u0159id\u00e1te dal\u0161\u00ed dvojit\u00fd \u010dty\u0159st\u011bn pod \u00fahlem 66\u00b0 &#8222;modr\u00fdm&#8220; \u010dty\u0159st\u011bnem doprava (obr. 11), vizualizujete si tuto rotuj\u00edc\u00ed dvojici.<\/p>\n<p style=\"text-align: justify;\">Dal\u0161\u00ed postup ji\u017e nebudeme takto podrobn\u011b rozepisovat analogick\u00fdm zp\u016fsobem dopln\u00edte ostatn\u00ed \u201enaklon\u011bn\u00e9 roviny (obr.12,13,14 a15) dvojit\u00fdmi \u010dty\u0159st\u011bny a vytvo\u0159\u00edte v\u00fdsledn\u00fd 3D tvar -\u201eje\u017eka\u201c (obr.15). Na posledn\u00edm obr\u00e1zku 16 jsme se pokusili zn\u00e1zornit pomoc\u00ed polopr\u016fsvitn\u00e9 koule posledn\u00ed vrstvu -ochrann\u00fd val (viz. \u010dl\u00e1nek Odkryt\u00e1 tajemstv\u00ed Matrixu aneb cesta ke svobod\u011b \u201e1\u201c). \u201eOstny\u201c v\u00fdsledn\u00e9 3D Merkaby (je\u017eka) propichuj\u00ed m\u00edrn\u011b ochrann\u00fd val. Nakonec za\u010dnou vyza\u0159ovat z hrot\u016f jednotliv\u00fdch rotuj\u00edc\u00edch dvojit\u00fdch \u010dty\u0159st\u011bn\u016f \u201emodr\u00e9\u201c \u201eblesky\u201c, kter\u00e9 se za\u010dnou vz\u00e1jemn\u011b propojovat a spoj\u00ed se ve v\u00fdsledn\u00e9 energetick\u00e9 pole. To jsme se pokusili zn\u00e1zornit na posledn\u00edm obr\u00e1zku, ale bohu\u017eel se n\u00e1m ho nepoda\u0159ilo v\u011brn\u011b namodelovat, proto je pouze symbolicky zn\u00e1zorn\u011bno polopr\u016fsvitnou koul\u00ed.<\/p>\n<p style=\"text-align: justify;\">T\u00edm je cvi\u010den\u00ed Merkaby u konce.<\/p>\n<p><center><img loading=\"lazy\" decoding=\"async\" src=\"https:\/\/www.andelskaduchovniterapie.cz\/merkaba-obr\/MERKABA_01.jpg\" alt=\"\" width=\"190\" height=\"461\" hspace=\"20\" vspace=\"10\" \/><br \/>\n<img loading=\"lazy\" decoding=\"async\" src=\"https:\/\/www.andelskaduchovniterapie.cz\/merkaba-obr\/MERKABA_02.jpg\" alt=\"\" width=\"300\" height=\"300\" hspace=\"20\" vspace=\"10\" \/><br \/>\n<img loading=\"lazy\" decoding=\"async\" src=\"https:\/\/www.andelskaduchovniterapie.cz\/merkaba-obr\/MERKABA_03.jpg\" alt=\"\" width=\"300\" height=\"300\" hspace=\"20\" vspace=\"10\" \/><br \/>\n<img loading=\"lazy\" decoding=\"async\" src=\"https:\/\/www.andelskaduchovniterapie.cz\/merkaba-obr\/MERKABA_04.jpg\" alt=\"\" width=\"300\" height=\"300\" hspace=\"20\" vspace=\"10\" \/> <img loading=\"lazy\" decoding=\"async\" src=\"https:\/\/www.andelskaduchovniterapie.cz\/merkaba-obr\/MERKABA_05.jpg\" alt=\"\" width=\"300\" height=\"300\" hspace=\"20\" vspace=\"10\" \/> <img loading=\"lazy\" decoding=\"async\" src=\"https:\/\/www.andelskaduchovniterapie.cz\/merkaba-obr\/MERKABA_06.jpg\" alt=\"\" width=\"300\" height=\"300\" hspace=\"20\" vspace=\"10\" \/> <img loading=\"lazy\" decoding=\"async\" src=\"https:\/\/www.andelskaduchovniterapie.cz\/merkaba-obr\/MERKABA_07.jpg\" alt=\"\" width=\"300\" height=\"300\" hspace=\"20\" vspace=\"10\" \/> <img loading=\"lazy\" decoding=\"async\" src=\"https:\/\/www.andelskaduchovniterapie.cz\/merkaba-obr\/MERKABA_08.jpg\" alt=\"\" width=\"300\" height=\"300\" hspace=\"20\" vspace=\"10\" \/> <img loading=\"lazy\" decoding=\"async\" src=\"https:\/\/www.andelskaduchovniterapie.cz\/merkaba-obr\/MERKABA_09.jpg\" alt=\"\" width=\"300\" height=\"300\" hspace=\"20\" vspace=\"10\" \/> <img loading=\"lazy\" decoding=\"async\" src=\"https:\/\/www.andelskaduchovniterapie.cz\/merkaba-obr\/MERKABA_10.jpg\" alt=\"\" width=\"300\" height=\"300\" hspace=\"20\" vspace=\"10\" \/> <img loading=\"lazy\" decoding=\"async\" src=\"https:\/\/www.andelskaduchovniterapie.cz\/merkaba-obr\/MERKABA_11.jpg\" alt=\"\" width=\"300\" height=\"300\" hspace=\"20\" vspace=\"10\" \/> <img loading=\"lazy\" decoding=\"async\" src=\"https:\/\/www.andelskaduchovniterapie.cz\/merkaba-obr\/MERKABA_12.jpg\" alt=\"\" width=\"300\" height=\"300\" hspace=\"20\" vspace=\"10\" \/> <img loading=\"lazy\" decoding=\"async\" src=\"https:\/\/www.andelskaduchovniterapie.cz\/merkaba-obr\/MERKABA_13.jpg\" alt=\"\" width=\"300\" height=\"300\" hspace=\"20\" vspace=\"10\" \/> <img loading=\"lazy\" decoding=\"async\" src=\"https:\/\/www.andelskaduchovniterapie.cz\/merkaba-obr\/MERKABA_14.jpg\" alt=\"\" width=\"300\" height=\"300\" hspace=\"20\" vspace=\"10\" \/> <img loading=\"lazy\" decoding=\"async\" src=\"https:\/\/www.andelskaduchovniterapie.cz\/merkaba-obr\/MERKABA_15.jpg\" alt=\"\" width=\"300\" height=\"300\" hspace=\"20\" vspace=\"10\" \/> <img loading=\"lazy\" decoding=\"async\" src=\"https:\/\/www.andelskaduchovniterapie.cz\/merkaba-obr\/MERKABA_16.jpg\" alt=\"\" width=\"300\" height=\"300\" hspace=\"20\" vspace=\"10\" \/> <img loading=\"lazy\" decoding=\"async\" src=\"https:\/\/www.andelskaduchovniterapie.cz\/merkaba-obr\/MERKABA_17.png\" alt=\"\" width=\"300\" height=\"300\" hspace=\"20\" vspace=\"10\" \/><\/p>\n<p><\/center><\/p>\n<p style=\"text-align: justify;\">Merkaba &#8222;Je\u017ekovit\u00e1&#8220; hv\u011bzdi\u010dka.<\/p>\n","protected":false},"excerpt":{"rendered":"<p>Energetick\u00e9 t\u011bleso 3D MERKABA C\u00edlem tohoto cvi\u010den\u00ed je vytvo\u0159it zvl\u00e1\u0161tn\u00ed &#8222;ochrann\u00fd&#8220; energetick\u00fd obal okolo sv\u00fdch t\u011bl, kter\u00fd je nezbytn\u00fd pro n\u00e1\u0161 dal\u0161\u00ed v\u00fdvoj. V na\u0161em pojet\u00ed se MERKABA skl\u00e1d\u00e1 z jednotliv\u00fdch \u201edvojit\u00fdch \u010dty\u0159st\u011bn\u016f\u201c. V\u00fdsledn\u00e9 t\u011bleso (3D) MERKABY tvo\u0159\u00ed jakoby ostnatou kouli (je\u017eka), kdy jednotliv\u00e9 protilehl\u00e9 hroty jednotliv\u00fdch dvojit\u00fdch \u010dty\u0159st\u011bn\u016f rotuj\u00ed stejn\u011b jako u v\u00fdchoz\u00edho dvojit\u00e9ho <a href=\"https:\/\/www.andelskaduchovniterapie.cz\/?page_id=38\" rel=\"nofollow\"><span class=\"sr-only\">P\u0159e\u010d\u00edst si v\u00edc oMerkaba<\/span>[&#8230;]<\/a><\/p>\n","protected":false},"author":1,"featured_media":0,"parent":32,"menu_order":0,"comment_status":"open","ping_status":"open","template":"","meta":{"footnotes":""},"class_list":["post-38","page","type-page","status-publish","hentry"],"_links":{"self":[{"href":"https:\/\/www.andelskaduchovniterapie.cz\/index.php?rest_route=\/wp\/v2\/pages\/38","targetHints":{"allow":["GET"]}}],"collection":[{"href":"https:\/\/www.andelskaduchovniterapie.cz\/index.php?rest_route=\/wp\/v2\/pages"}],"about":[{"href":"https:\/\/www.andelskaduchovniterapie.cz\/index.php?rest_route=\/wp\/v2\/types\/page"}],"author":[{"embeddable":true,"href":"https:\/\/www.andelskaduchovniterapie.cz\/index.php?rest_route=\/wp\/v2\/users\/1"}],"replies":[{"embeddable":true,"href":"https:\/\/www.andelskaduchovniterapie.cz\/index.php?rest_route=%2Fwp%2Fv2%2Fcomments&post=38"}],"version-history":[{"count":1,"href":"https:\/\/www.andelskaduchovniterapie.cz\/index.php?rest_route=\/wp\/v2\/pages\/38\/revisions"}],"predecessor-version":[{"id":39,"href":"https:\/\/www.andelskaduchovniterapie.cz\/index.php?rest_route=\/wp\/v2\/pages\/38\/revisions\/39"}],"up":[{"embeddable":true,"href":"https:\/\/www.andelskaduchovniterapie.cz\/index.php?rest_route=\/wp\/v2\/pages\/32"}],"wp:attachment":[{"href":"https:\/\/www.andelskaduchovniterapie.cz\/index.php?rest_route=%2Fwp%2Fv2%2Fmedia&parent=38"}],"curies":[{"name":"wp","href":"https:\/\/api.w.org\/{rel}","templated":true}]}}