{"id":9,"date":"2015-10-26T09:05:19","date_gmt":"2015-10-26T09:05:19","guid":{"rendered":"http:\/\/web6.webbi.cz\/?page_id=9"},"modified":"2015-10-26T09:05:19","modified_gmt":"2015-10-26T09:05:19","slug":"cakry","status":"publish","type":"page","link":"https:\/\/www.andelskaduchovniterapie.cz\/?page_id=9","title":{"rendered":"\u010cakry"},"content":{"rendered":"<h2 style=\"text-align: justify;\">V\u00c1\u0160 NOV\u00dd SYST\u00c9M \u010cAKER<\/h2>\n<p style=\"text-align: justify;\"><img loading=\"lazy\" decoding=\"async\" src=\"https:\/\/www.andelskaduchovniterapie.cz\/cakry-obr\/cakry1.jpg\" alt=\"\" width=\"325\" height=\"450\" align=\"left\" hspace=\"20\" vspace=\"10\" \/> Realita va\u0161eho fyzick\u00e9ho t\u011bla posunuje do sf\u00e9ry mnoha vibruj\u00edc\u00edch prizmatick\u00fdch barev a tan\u010d\u00edc\u00edch energetick\u00fdch vzor\u016f. Na syst\u00e9m \u010daker va\u0161eho t\u011bla lze nahl\u00ed\u017eet jako na energetick\u00fd vzor n\u00e1dhern\u00fdch barev, rotuj\u00edc\u00edch kolem ka\u017ed\u00e9ho z t\u0159in\u00e1cti hlavn\u00edch energetick\u00fdch center.<\/p>\n<p style=\"text-align: justify;\">P\u0159edstavte si n\u00e1dhernou kombinaci \u010derven\u00e9, kor\u00e1lov\u011b r\u016f\u017eov\u00e9 a z\u00e1\u0159iv\u00e9 sv\u011btle modr\u00e9, rudo-oran\u017eov\u00e9 a b\u00edl\u00e9 a z\u00e1\u0159iv\u011b zelen\u00e9, v\u0161e tan\u010d\u00edc\u00ed spole\u010dn\u011b v n\u00e1dhern\u00e9m v\u00edru. P\u0159edstavte si, \u017ee ka\u017ed\u00e9 energetick\u00e9 centrum spolupracuje se v\u0161emi ostatn\u00edmi jako celek. D\u0159\u00edve ne\u017e se pono\u0159\u00edme do pozorov\u00e1n\u00ed na\u0161ich \u010daker, dovolte mi stru\u010dn\u011b popsat, pro\u010d se v\u00e1m to d\u011bje.<\/p>\n<p style=\"text-align: justify;\">\u010cakry (\u010di va\u0161e hlavn\u00ed energetick\u00e1 centra) v\u00e1m umo\u017e\u0148uj\u00ed transformovat fyzick\u00e9 t\u011blo a integrovat ho se spiritu\u00e1ln\u00edm t\u011blem, aby mohlo fungovat \u0159\u00e1dn\u011b. Pro dokon\u010den\u00ed t\u00e9to komplexn\u00ed procedury m\u00e1 va\u0161e lok\u00e1ln\u00ed spiritu\u00e1ln\u00ed hierarchie v pl\u00e1nu zprovoznit \u010dty\u0159i dodate\u010dn\u00e9 \u010dakry, jak rychle je to jen mo\u017en\u00e9. Tato \u010dty\u0159i nov\u00e1 centra v\u00e1m umo\u017en\u00ed zvl\u00e1dnout nesm\u00edrnost multidimenzion\u00e1ln\u00edch informac\u00ed, kter\u00e9 budou sou\u010d\u00e1st\u00ed va\u0161eho nov\u00e9ho fyzi\u010dna. Nav\u00edc transformuj\u00ed ostatn\u00edch sedm \u010daker, \u010d\u00edm\u017e jim umo\u017en\u00ed p\u0159evz\u00edt mnoh\u00e9 dal\u0161\u00ed \u201ezodpov\u011bdnosti\u201c. Vydejme se nyn\u00ed na cestu na\u0161i miniaturn\u00ed lod\u00ed a vstupme do syst\u00e9mu \u017eivotn\u00ed energie va\u0161ich \u010daker.<\/p>\n<p style=\"text-align: justify;\">Na pomoc pro detailn\u00ed vysv\u011btlen\u00ed va\u0161eho nov\u00e9ho syst\u00e9mu \u010daker jsme dali speci\u00e1ln\u00ed zv\u011bt\u0161en\u00fd syst\u00e9m on-line. Pod\u00edvejte se pros\u00edm na n\u00e1sleduj\u00edc\u00ed str\u00e1nky.<\/p>\n<p style=\"text-align: justify;\">Prvn\u00ed z dodate\u010dn\u00fdch center se nach\u00e1z\u00ed v br\u00e1nici, kde se v sou\u010dasn\u00e9 dob\u011b nach\u00e1z\u00ed syst\u00e9m emocion\u00e1ln\u00ed pam\u011bti va\u0161eho t\u011bla.<\/p>\n<p style=\"text-align: justify;\">Druh\u00e9 nov\u00e9 centrum se nach\u00e1z\u00ed v brzl\u00edku, kde je v sou\u010dasn\u00e9 dob\u011b regulov\u00e1n v\u00e1\u0161 imunitn\u00ed syst\u00e9m. (Pln\u011b v\u011bdom\u00ed lid\u00e9 maj\u00ed kompletn\u00ed a velmi zdrav\u00fd imunitn\u00ed syst\u00e9m).<\/p>\n<p style=\"text-align: justify;\">Ostatn\u00ed dv\u011b nov\u00e1 centra jsou v hlav\u011b. Jedno (zvan\u00e9 \u201estudnice sn\u016f\u201c) se nach\u00e1z\u00ed na zadn\u00ed stran\u011b hlavy, hned nad prodlou\u017eenou m\u00edchou. Reguluje spojen\u00ed va\u0161eho v\u011bdom\u00ed s informacemi z vy\u0161\u0161\u00edch dimenz\u00ed. Dal\u0161\u00ed nov\u00e1 \u010dakra se nach\u00e1z\u00ed pobl\u00ed\u017e podv\u011bsku mozkov\u00e9ho a je pojmenov\u00e1na po hlavn\u00ed endokrinn\u00ed \u017el\u00e1ze t\u011bla.<\/p>\n<p style=\"text-align: justify;\">M\u00edsto p\u0159ede\u0161l\u00fdch sedmi fyzick\u00fdch center t\u011bla, jich m\u00e1 va\u0161e transformovan\u00e9 t\u011blo nyn\u00ed jeden\u00e1ct. Tato s\u00ed\u0165 jeden\u00e1cti center m\u00e1 dal\u0161\u00ed mezidimenzion\u00e1ln\u00ed (\u00e9terick\u00e1) centra, nach\u00e1zej\u00edc\u00ed se nad hlavou. Jsou naz\u00fdv\u00e1ny \u201euniverz\u00e1ln\u00ed \u017eena\u201c a \u201euniverz\u00e1ln\u00ed mu\u017e\u201c. Celkem budete m\u00edt t\u0159in\u00e1ct prim\u00e1rn\u00edch nebo hlavn\u00edch \u010daker &#8211; dv\u011b \u010dist\u011b \u00e9terick\u00e9 a jeden\u00e1ct, kter\u00e1 jsou sou\u010d\u00e1st\u00ed va\u0161eho fyzick\u00e9ho j\u00e1 (viz obr\u00e1zek 9). Dal\u0161\u00ed \u010d\u00e1st na\u0161\u00ed mal\u00e9 okru\u017en\u00ed j\u00edzdy za\u010dn\u011bme popisem t\u011bchto nov\u00fdch a v sou\u010dasn\u00e9 dob\u011b transformuj\u00edc\u00edch se \u010daker.<\/p>\n<h4 style=\"text-align: justify;\">Prvn\u00ed \u010dakra<\/h4>\n<p style=\"text-align: justify;\">(ko\u0159enov\u00e9 centrum) se nach\u00e1z\u00ed na spodku b\u0159i\u0161n\u00ed dutiny. Jej\u00ed hlavn\u00ed \u00fa\u010del se nicm\u00e9n\u011b m\u011bn\u00ed. Toto energetick\u00e9 centrum umo\u017e\u0148uje matce Zemi sladit vibrace va\u0161\u00ed \u017eivotn\u00ed s\u00edly se sv\u00fdmi. V podstat\u011b matka Zem\u011b z\u00e1vis\u00ed na rezonanci jej\u00edch fyzick\u00fdch and\u011bl\u016f, aby si udr\u017eela maxim\u00e1ln\u00ed efektivnost sv\u00e9ho magnetick\u00e9ho a gravita\u010dn\u00edho pole.<\/p>\n<h4 style=\"text-align: justify;\">Druh\u00e1 \u010dakra<\/h4>\n<p style=\"text-align: justify;\">(centrum sexu) se nach\u00e1z\u00ed pobl\u00ed\u017e sexu\u00e1ln\u00edch org\u00e1n\u016f a je sv\u00e1z\u00e1na s prvn\u00ed \u010dakrou. Jej\u00edm prim\u00e1rn\u00edm \u00fa\u010delem je pomoct o\u017eivit t\u011blo prost\u0159ednictv\u00edm speci\u00e1ln\u00edch sexu\u00e1ln\u00edch praktik nebo obor\u016f jako vysoce ritualizovan\u00e1, pln\u011b v\u011bdom\u00e1 tantra. Tento proces umo\u017e\u0148uje vibra\u010dn\u00ed energii (vnit\u0159n\u00edmu sexu\u00e1ln\u00edmu vyla\u010fovac\u00edmu krystalu) vyladit cel\u00e9 t\u011blo a obzvl\u00e1\u0161t\u011b prvn\u00ed \u010dakru.<\/p>\n<h4 style=\"text-align: justify;\">T\u0159et\u00ed \u010dakra<\/h4>\n<p style=\"text-align: justify;\">(centrum solaru plexus)se nach\u00e1z\u00ed hned nad va\u0161\u00edm pup\u00edkem a je s\u00eddlem druh\u00e9ho spojovac\u00edho bodu pro va\u0161e pln\u00e9 j\u00e1. \u017divotn\u00ed energie vstupuje skrze korunn\u00ed \u010dakru na vrcholku hlavy (zlat\u00fd motouz) a skrze solar plexus (st\u0159\u00edbrn\u00fd motouz) nebo s\u00eddlo va\u0161\u00ed v\u016fle. Srde\u010dn\u00ed centrum tuto energii reguluje.<\/p>\n<h4 style=\"text-align: justify;\">\u010ctvrt\u00e1 \u010dakra<\/h4>\n<p style=\"text-align: justify;\"><b>Nov\u011b zformovan\u00e1<\/b> (centrum br\u00e1nice), nal\u00e9zaj\u00edc\u00ed se na vr\u0161ku dutiny b\u0159i\u0161n\u00ed, je nyn\u00ed centrem pro ukl\u00e1d\u00e1n\u00ed emoc\u00ed. V bl\u00edzk\u00e9 budoucnosti bude schopno zm\u00edr\u0148ovat stres a posilovat energie v\u016fle, ulo\u017een\u00e9 v centru solaru plexus. Tato \u010dakra je centrem obnoven\u00e9 pr\u00e1ny (energie d\u00fdch\u00e1n\u00ed). A jak studenti j\u00f3gy v\u011bd\u00ed, pr\u00e1na revitalizuje a \u010dist\u00ed t\u011blo.<\/p>\n<h4 style=\"text-align: justify;\">P\u00e1t\u00e1 \u010dakra<\/h4>\n<p style=\"text-align: justify;\">(p\u00e1t\u00e9 centrum) se nach\u00e1z\u00ed v srdci. Je to \u017eivotn\u011b d\u016fle\u017eit\u00e9 spojen\u00ed s and\u011blsk\u00fdmi energiemi \u010dist\u00e9 my\u0161lenky a posv\u00e1tn\u00fdmi energiemi \u00fapln\u00e9 l\u00e1sky, zbaven\u00e9 ve\u0161ker\u00e9ho vlastnictv\u00ed, sentimentality atd. Tato \u00fapln\u00e1 nebo \u010dist\u00e1 l\u00e1ska umo\u017e\u0148uje va\u0161emu t\u011blu fungovat za vrcholn\u00e9 efektivnosti.<\/p>\n<h4 style=\"text-align: justify;\">\u0160est\u00e1 \u010dakra<\/h4>\n<p style=\"text-align: justify;\">(centrum brzl\u00edku), t\u00e9\u017e nov\u011b zformovan\u00e1, se nach\u00e1z\u00ed tam, co \u017el\u00e1za brzl\u00edku. Ve va\u0161\u00ed nast\u00e1vaj\u00edc\u00ed realit\u011b je t\u011blo \u010distou my\u0161lenkovou formou. Jeho imunitn\u00ed syst\u00e9m je neskute\u010dn\u011b siln\u00fd a odoln\u00fd.<br \/>\nU transformovan\u00e9ho \u010dlov\u011bka si brzl\u00edk uchov\u00e1v\u00e1 svoji p\u016fvodn\u00ed velikost, co\u017e je asi t\u0159etina velikosti dosp\u011bl\u00e9ho srdce.<\/p>\n<p style=\"text-align: justify;\">To znamen\u00e1, \u017ee centrum brzl\u00edku z\u016fst\u00e1v\u00e1 v pr\u016fb\u011bhu va\u0161eho \u017eivota zdrav\u00e9. Lidsk\u00e9 t\u011blo snadno z\u00edsk\u00e1v\u00e1 schopnost transformovat jakoukoliv potenci\u00e1ln\u00ed nemoc. D\u00edky st\u00e1vaj\u00edc\u00edm zemsk\u00fdm vysok\u00fdm \u00farovn\u00edm radiace pozad\u00ed a mnoha dlouho zapomenut\u00fdm v\u00e1lk\u00e1m, kter\u00e9 po\u0161kodily va\u0161i atmosf\u00e9ru, se va\u0161e centrum brzl\u00edku za\u010d\u00edn\u00e1 postupn\u011b zhor\u0161ovat, okam\u017eit\u011b po narozen\u00ed. V dosp\u011blosti je smr\u0161t\u011bn\u00e9 z velikosti lidsk\u00e9ho d\u011btsk\u00e9ho srdce na velikost mal\u00e9ho o\u0159echu.<\/p>\n<h4 style=\"text-align: justify;\">Sedm\u00e1 \u010dakra<\/h4>\n<p style=\"text-align: justify;\">se nach\u00e1z\u00ed v hrdle a pom\u00e1h\u00e1 sb\u00edrat energii pr\u00e1ny, kter\u00e1 posiluje a \u010dist\u00ed t\u011blo. Rovn\u011b\u017e funguje jako komunik\u00e1tor pro va\u0161e v\u011bdom\u00ed a koordinuje energie t\u011bla s energiemi regulatorn\u00edho v\u011bdom\u00ed hlavy.<\/p>\n<h4 style=\"text-align: justify;\">Osm\u00e1 \u010dakra<\/h4>\n<p style=\"text-align: justify;\">(centrum studnice sn\u016f) je nyn\u00ed zakrn\u011bl\u00e1 a nach\u00e1z\u00ed se v oblasti t\u00fdlov\u00e9ho laloku (vzadu, na spodku hlavy), p\u0159\u00edmo nad krkem. Jedinci, obzvl\u00e1\u0161t\u011b ti s du\u0161evn\u00edmi schopnostmi, obvykle d\u00edky hromad\u011bn\u00ed informac\u00ed, kter\u00e9 vytv\u00e1\u0159\u00ed v t\u00e9to oblasti probl\u00e9my, poci\u0165uj\u00ed bolesti hlavy. Neaktivnost t\u00e9to \u010dakry odr\u00e1\u017e\u00ed v\u00e1\u0161 sou\u010dasn\u00fd stav coby sp\u00edc\u00ed, omezen\u00e9 bytosti.<\/p>\n<p style=\"text-align: justify;\">Ve st\u00e1vaj\u00edc\u00ed realit\u011b mohou lid\u00e9 s roz\u0161\u00ed\u0159en\u00fdmi du\u0161evn\u00edmi schopnostmi pou\u017e\u00edvat spojen\u00ed, kter\u00e9 je kl\u00ed\u010dov\u00e9 pro limbick\u00fd syst\u00e9m mozku, poskytovan\u00e9 \u201estudnic\u00ed sn\u016f\u201c pro ment\u00e1ln\u00ed kontrolu ostatn\u00edch. Je d\u016fle\u017eit\u00e9 to pochopit a obklopit toto centrum silnou spiritu\u00e1ln\u00ed ochranou. V nov\u00e9m syst\u00e9mu pln\u00e9ho v\u011bdom\u00ed se toto konkr\u00e9tn\u00ed centrum, reguluj\u00edc\u00ed du\u0161evn\u00ed energie a zabra\u0148uj\u00edc\u00ed, abyste byli kontrolov\u00e1ni, st\u00e1v\u00e1 velmi d\u016fle\u017eit\u00fdm.<\/p>\n<h4 style=\"text-align: justify;\">Dev\u00e1t\u00e1<\/h4>\n<p style=\"text-align: justify;\">(podv\u011bsek mozkov\u00fd) \u010dakra se nov\u011b nach\u00e1z\u00ed v oblasti \u017el\u00e1zy podv\u011bsku mozkov\u00e9ho. Pobl\u00ed\u017e st\u0159edu va\u0161\u00ed hlavy tak umo\u017e\u0148uje va\u0161emu t\u011blu reagovat na sv\u011btlo a z\u00e1\u0159en\u00ed a vyu\u017eit\u00edm t\u00e9to reakce p\u0159\u00edpadn\u011b obnovit va\u0161e t\u011blo. V nov\u00e9m t\u011ble \u0161est\u00e9, osm\u00e9 a dev\u00e1t\u00e9 centrum celkem intenzivn\u011b vz\u00e1jemn\u011b reaguj\u00ed s ostatn\u00edmi, co\u017e v\u00e1m umo\u017e\u0148uje okam\u017eit\u00e9 pou\u017eit\u00ed jak\u00e9koliv vit\u00e1ln\u00ed, mezidimenzion\u00e1ln\u00ed informa\u010dn\u00ed energie.<\/p>\n<h4 style=\"text-align: justify;\">Des\u00e1t\u00e1 \u010dakra<\/h4>\n<p style=\"text-align: justify;\">(centrum \u0161i\u0161inky) se nach\u00e1z\u00ed uprost\u0159ed \u010dela, nad nosem, a pobl\u00ed\u017e \u0161i\u0161inky. P\u0159iv\u00e1d\u00ed frekvence vy\u0161\u0161\u00edho sv\u011btla a je zn\u00e1m\u00e1 jako vizion\u00e1\u0159sk\u00e9 centrum \u010di \u201et\u0159et\u00ed oko\u201c. Spole\u010dn\u011b v\u00e1m osm\u00e1 a dev\u00e1t\u00e1 \u010dakra umo\u017e\u0148uj\u00ed dost\u00e1vat a interpretovat vize a dal\u0161\u00ed kl\u00ed\u010dov\u00e9 zpr\u00e1vy z vy\u0161\u0161\u00edch vibra\u010dn\u00edch stav\u016f.<\/p>\n<h4 style=\"text-align: justify;\">Jeden\u00e1ct\u00e1 \u010dakra<\/h4>\n<p style=\"text-align: justify;\">(korunn\u00ed centrum) se nach\u00e1z\u00ed v zadn\u00ed polovin\u011b vrcholu va\u0161\u00ed hlavy. Je to zde, kde se energie \u00fapln\u00e9ho j\u00e1 z univerz\u00e1ln\u00edho zdroje a ony dv\u011b nov\u00e9 \u00e9terick\u00e9 \u010dakry v hlav\u011b spojuj\u00ed. Dvan\u00e1ct\u00e1 \u010dakra (univerz\u00e1ln\u00ed \u017eena) se nach\u00e1z\u00ed ihned nad hlavou. \u0158\u00edd\u00ed levou stranu va\u0161eho t\u011bla a reguluje mnoho kreativn\u00edch dar\u016f a nad\u00e1n\u00ed. Je to rovn\u011b\u017e m\u00edsto, kde m\u00e1 zdroj touha po vnit\u0159n\u00ed sebel\u00e1sce a po vn\u011bj\u0161\u00ed l\u00e1sce nebo soucitu. T\u0159in\u00e1ct\u00e1 \u010dakra (univerz\u00e1ln\u00ed mu\u017e) se nach\u00e1z\u00ed nad hlavou a reguluje pravou stranu t\u011bla. M\u00e1 tak\u00e9 \u0159\u00edd\u00edc\u00ed funkci pro va\u0161e vn\u00edm\u00e1n\u00ed reality a va\u0161i schopnost prov\u00e9st \u00fa\u010delov\u011b ur\u010den\u00fd pl\u00e1n. Tato \u010dakra je zdrojem va\u0161eho p\u0159\u00e1n\u00ed vnit\u0159n\u00ed a vn\u011bj\u0161\u00ed harmonie.<\/p>\n<p style=\"text-align: justify;\">M\u011bjte na pam\u011bti, mil\u00e1 srdce, \u017ee jste energi\u00ed a sv\u011bteln\u00fdmi bytostmi. V\u0161e v r\u00e1mci stvo\u0159en\u00ed je sv\u011btlo. Va\u0161e bun\u011b\u010dn\u00e1 struktura a v\u0161e kolem v\u00e1s (m\u00edstnost, ve kter\u00e9 pr\u00e1v\u011b sed\u00edte nebo jak\u00e1koliv jin\u00e1 \u010d\u00e1st va\u0161\u00ed reality) je v\u0161e sv\u011btlo. Sv\u011btlo existuje na mnoha r\u016fzn\u00fdch frekvenc\u00edch. Existuje viditeln\u00e9 sv\u011btlo a existuje neviditeln\u00e9 nebo hyperprostorov\u00e9 (mezidimenzion\u00e1ln\u00ed) sv\u011btlo. Existuje spousta r\u016fzn\u00fdch \u00farovn\u00ed sv\u011btla. Sv\u011btlo je v\u0161eobj\u00edmaj\u00edc\u00ed. Ve\u0161ker\u00e9 stvo\u0159en\u00ed je stvo\u0159eno ze sv\u011btla. Z tohoto d\u016fvodu je ka\u017ed\u00e1 oblast t\u011bla na sv\u011btlo vysoce citliv\u00e1. Je kl\u00ed\u010dov\u00e9, abyste toto pochopili. V\u0161ichni jsme sv\u011bteln\u00e9 bytosti. Dokonce i nyn\u00ed m\u016f\u017eete \u0159\u00edct, \u017ee jste sv\u011bteln\u00e1 bytost s lidskou zku\u0161enost\u00ed.<\/p>\n<h1 style=\"text-align: justify;\">Sedm hlavn\u00edch center energie (\u010cakry)<\/h1>\n<p style=\"text-align: justify;\">\u010cakra je n\u00e1zev \u0159ady kruhov\u00fdch v\u00edr\u016f, kter\u00e9 se nach\u00e1zej\u00ed na povrchu \u00e9terick\u00e9ho lidsk\u00e9ho t\u011bla. Tato neviditeln\u00e1 \u010d\u00e1st fyzick\u00e9ho t\u011bla je to, \u010d\u00edm prot\u00e9kaj\u00ed vit\u00e1ln\u00ed proudy, kter\u00e9 t\u011blo udr\u017euj\u00ed na\u017eivu. <img loading=\"lazy\" decoding=\"async\" src=\"https:\/\/www.andelskaduchovniterapie.cz\/cakry-obr\/cakry2.jpg\" alt=\"\" width=\"300\" height=\"368\" hspace=\"20\" vspace=\"10\" \/> <img loading=\"lazy\" decoding=\"async\" src=\"https:\/\/www.andelskaduchovniterapie.cz\/cakry-obr\/cakry3.jpg\" alt=\"\" width=\"300\" height=\"368\" hspace=\"20\" vspace=\"10\" \/><\/p>\n<p style=\"text-align: justify;\">\u017divot fyzick\u00e9ho t\u011bla je pod\u0159\u00edzen nekon\u010d\u00edc\u00ed zm\u011bn\u011b.<br \/>\nAby \u010dlov\u011bk mohl \u017e\u00edt, mus\u00ed b\u00fdt zabezpe\u010den ze t\u0159ech zdroj\u016f.<br \/>\nPot\u0159ebuje potravu, vzduch a vitalitu, kter\u00e1 je svou povahou energi\u00ed, je\u017e je p\u0159\u00edtomna na v\u0161ech \u00farovn\u00edch. Tato s\u00edla m\u00e1 sedmin\u00e1sobnou podstatu a v\u0161ech jej\u00edch sedm forem p\u016fsob\u00ed v ka\u017ed\u00e9 jednotliv\u00e9 \u010dak\u0159e. P\u0159itom je v ka\u017ed\u00e9 \u010dak\u0159e jedna p\u0159evl\u00e1daj\u00edc\u00ed nad t\u011bmi ostatn\u00edmi.<br \/>\nBez tohoto proudu s\u00edly by nemohlo fyzick\u00e9 t\u011blo trvat.<br \/>\n\u010cakry jsou u v\u0161ech lid\u00ed aktivn\u00ed, maj\u00ed v\u0161ak, podle duchovn\u00edho stupn\u011b rozvoje jednotlivce, rozd\u00edln\u011b intenz\u00edvn\u00ed barvy i vibrace.<br \/>\nU duchovn\u011b rozvinut\u00e9ho \u010dlov\u011bka vyza\u0159uj\u00ed a pulzuj\u00ed \u017eivouc\u00edm, z\u00e1\u0159iv\u00fdm sv\u011btlem a prot\u00e9k\u00e1 jimi neuv\u011b\u0159iteln\u011b velk\u00e9 mno\u017estv\u00ed energie.<\/p>\n<h4 style=\"text-align: justify;\">Prvn\u00ed centrum energie<\/h4>\n<p style=\"text-align: justify;\">je z\u00e1kladn\u00ed \u010dakra, naz\u00fdvan\u00e1 tak\u00e9 \u010dakra ko\u0159ene.<br \/>\nNa t\u00e9to \u00farovni maj\u00ed energie vyskytuj\u00edc\u00ed se v t\u011ble svou nejpomalej\u0161\u00ed frekvenci. Elementem prvn\u00ed \u010dakry je vlastnost st\u00e1losti &#8211; element Zem\u011b. Na t\u00e9to \u00farovni zakou\u0161\u00edme jistotu stejn\u011b jako pocit spokojenosti, prad\u016fv\u011bry. Vibrace zemsk\u00e9ho prvku n\u00e1m d\u00e1vaj\u00ed pocit, \u017ee stoj\u00edme pevn\u011b na zemi reality.<br \/>\nTato \u010dakra ovl\u00e1d\u00e1 v\u0161echno pevn\u00e9 v t\u011ble (kosti, nehty, zuby). Nach\u00e1z\u00ed se v doln\u00ed \u010d\u00e1sti p\u00e1te\u0159e. Je \u010dty\u0159n\u00e1sobn\u00e1, a proto je symbolem tohoto centra k\u0159\u00ed\u017e. Jestli\u017ee m\u00e1 dostatek energie, potom je jej\u00ed barvou ohniv\u011b \u010derven\u00e1. M\u00e1 vztah k pohlavn\u00edm org\u00e1n\u016fm a pohlavn\u00edm \u017el\u00e1z\u00e1m a p\u0159edstavuje fyzik\u00e1ln\u00ed nebo materi\u00e1ln\u00ed prvek.<\/p>\n<h4 style=\"text-align: justify;\">Druh\u00e9 centrum energie<\/h4>\n<p style=\"text-align: justify;\">je \u010dakra sleziny.<br \/>\nM\u00e1 vztah ke slezin\u011b\/pankreatu a je psychologick\u00fdm elementem konkr\u00e9tn\u00edho v\u011bd\u011bn\u00ed, s\u00edly a optimismu. N\u00e1le\u017e\u00ed k n\u00ed oran\u017eov\u00e1 barva. V tomto energetick\u00e9m centru se nach\u00e1z\u00ed zku\u0161enost principu kapaliny v n\u00e1s, proto\u017ee souvis\u00ed s ob\u011bhem tekutin (mo\u010d a semeno). Ka\u017ed\u00fd nedostatek v tomto energetick\u00e9m centru vede ke ztr\u00e1t\u011b kapaliny, co\u017e m\u016f\u017ee p\u0159ivodit ztvrdnut\u00ed nebo vysych\u00e1n\u00ed (nap\u0159. artritida &#8211; v tomto p\u0159\u00edpad\u011b vysych\u00e1 chrupavka). K t\u00e9to \u00farovni pat\u0159\u00ed chu\u0165. V\u00fdraz &#8222;sb\u00edhaj\u00ed se mu sliny v \u00fastech&#8220; objas\u0148uje vodn\u00ed prvek v chu\u0165ov\u00e9m smyslu. \u010cakra sleziny slou\u017e\u00ed k rozd\u011blov\u00e1n\u00ed vitality, kterou p\u0159ij\u00edm\u00e1me ze slunce. Z hlediska formy je \u0161estin\u00e1sobn\u00e1, co\u017e znamen\u00e1, \u017ee se rozl\u00e9v\u00e1 v \u0161esti horizont\u00e1ln\u00edch proudech, zat\u00edmco sedm\u00fd spo\u010d\u00edv\u00e1 v centru.<\/p>\n<h4 style=\"text-align: justify;\">T\u0159et\u00ed centrum energie<\/h4>\n<p style=\"text-align: justify;\">je \u010dakra solaru plexu neboli \u010dakra pupku.<br \/>\nNach\u00e1z\u00ed se u pupku, nad sol\u00e1rn\u00edm plexem. Tato \u010dakra p\u0159ij\u00edm\u00e1 svou prim\u00e1rn\u00ed s\u00edlu z deseti vibra\u010dn\u00edch pol\u00ed a m\u00e1 nejt\u011bsn\u011bj\u0161\u00ed vztah k cit\u016fm a hnut\u00edm mysli v\u0161eho druhu. M\u00e1 vztah k slune\u010dn\u00ed pleteni a nadledvin\u00e1m a zt\u011bles\u0148uje harmonizuj\u00edc\u00ed, spojuj\u00edc\u00ed prvek, rozum a intelekt. Pat\u0159\u00ed k n\u00ed \u017elut\u00e1 barva. Na t\u00e9to \u00farovni zakou\u0161\u00edme vlastnost schopnosti &#8222;roz\u0161i\u0159ovat se&#8220;, tepla. Tato \u010dakra je v na\u0161em \u017eivot\u011b s\u00eddlem ohn\u011b. Sv\u011btlo je vlastnost ohniv\u00e9ho elementu a vznik\u00e1 z n\u011bho. S\u00edla prvku ohn\u011b, kter\u00e1 v n\u00e1s vznik\u00e1 v dan\u00e9m okam\u017eiku, reguluje z\u0159etelnost toho, co vid\u00edme. Jestli\u017ee se c\u00edt\u00edme dob\u0159e, potom se v\u0161echno jev\u00ed jasn\u00e9 a z\u00e1\u0159iv\u00e9 &#8211; je-li na\u0161e n\u00e1lada \u0161patn\u00e1, tak se sv\u011bt st\u00e1v\u00e1 \u0161ed\u00fdm a bezbarv\u00fdm. Rozd\u00edl mezi t\u011bmito dv\u011bma n\u00e1ladami spo\u010d\u00edv\u00e1 v relativn\u00ed s\u00edle, kter\u00e1 vych\u00e1z\u00ed v dan\u00e9m okam\u017eiku z \u010dakry slune\u010dn\u00ed pleten\u011b. \u010clov\u011bk, u n\u011bj\u017e se projevuj\u00ed siln\u00e9 vibrace v t\u00e9to \u010dak\u0159e, bude tak\u00e9 p\u0159ij\u00edmat mnoho energie ze sv\u00e9 potravy. Nedostatek energie nazna\u010duje chyb\u011bj\u00edc\u00ed s\u00edlu v elementu ohn\u011b.<\/p>\n<h4 style=\"text-align: justify;\">\u010ctvrt\u00e9 centrum energie<\/h4>\n<p style=\"text-align: justify;\">je \u010dakra srdce.<br \/>\nLe\u017e\u00ed nad srdcem. Na \u00farovni srdce pro\u017e\u00edv\u00e1me vlastnosti lehkost\u00ed, p\u0159\u00e1telstv\u00ed, \u010dilosti. Centrum vyjad\u0159uje sympatie a radost z kontaktu, m\u00e1 vztah k srdci a \u017el\u00e1ze thymu a je to vit\u00e1ln\u00ed, s\u00edlu rozd\u00e1vaj\u00edc\u00ed element kreativity, chuti do \u017eivota a radosti, prvek harmonie a vyrovnanosti. Tomuto vzdu\u0161n\u00e9mu elementu vzduchu odpov\u00edd\u00e1 hmat. P\u0159ebytek vzdu\u0161n\u00e9ho elementu vede k otup\u011blosti nebo k pocit\u016fm z\u00e1vrat\u011b. D\u0159\u00edve se v t\u011bchto p\u0159\u00edpadech l\u00e9\u010dilo aromatickou sol\u00ed, proto\u017ee \u010dich je ve spojen\u00ed se z\u00e1kladn\u00ed \u010dakrou neboli elementem Zem\u011b. Nadbyte\u010dn\u00e1 energie se tak odv\u00e1d\u011bla zp\u00e1tky k Zemi a t\u011blesn\u00e1 rovnov\u00e1ha byla obnovena. \u010cakra srdce vyza\u0159uje ve 12 vibra\u010dn\u00edch pol\u00edch. N\u00e1le\u017e\u00ed k n\u00ed zelen\u00e1 barva.<\/p>\n<h4 style=\"text-align: justify;\">P\u00e1t\u00e9 centrum energie<\/h4>\n<p style=\"text-align: justify;\">je kr\u010dn\u00ed \u010dakra \u010dili \u010dakra hrtanu.<br \/>\nLe\u017e\u00ed na p\u0159edn\u00ed \u010d\u00e1sti krku a souvis\u00ed se \u0161t\u00edtnou \u017el\u00e1zou. Na t\u00e9to \u00farovni zakou\u0161\u00edme uzdravuj\u00edc\u00ed element, odevzdanost, idealismus, respekt, d\u016fv\u011bru a pravou v\u00edru. Slou\u017e\u00ed inspiraci a pat\u0159\u00ed k n\u00ed sv\u011btle modr\u00e1 barva. V tomto centru energie nach\u00e1z\u00edme vlastnosti abstraktn\u00edho prostoru. To charakterizuje element \u00e9teru. Sluch odpov\u00edd\u00e1 \u00e9terick\u00e9mu elementu. (Kdy\u017e budeme na m\u00edst\u011b, kde vl\u00e1dne podle n\u00e1zoru lid\u00ed naprost\u00e9 ticho, tak po n\u011bjak\u00e9m \u010dase zjist\u00edme, \u017ee se za t\u00edmto tichem st\u00e1le je\u0161t\u011b n\u011bco nach\u00e1z\u00ed, co bylo pops\u00e1no jako &#8222;nehlu\u010dn\u00fd zvuk&#8220;.) S pomoc\u00ed \u00e9teru se kontroluj\u00ed 4 ostatn\u00ed elementy. Kr\u010dn\u00ed \u010dakra tedy p\u0159edstavuje spojen\u00ed mezi principem my\u0161len\u00ed v \u010dak\u0159e \u010dela a t\u011bmito \u010dty\u0159mi elementy. P\u00e1t\u00e1 \u010dakra vyza\u0159uje v \u0161estn\u00e1cti vibra\u010dn\u00edch pol\u00edch.<\/p>\n<h4 style=\"text-align: justify;\">\u0160est\u00e9 centrum energie<\/h4>\n<p style=\"text-align: justify;\">je \u010dakra \u010dela.<br \/>\nNach\u00e1z\u00ed se na \u010dele, nad ko\u0159enem nosu. Funkc\u00ed \u010dakry \u010dela je ovl\u00e1d\u00e1n\u00ed cel\u00e9 osobnosti. Jej\u00ed m\u00edsto je na \u00farovni mozku, tam, kde s\u00eddl\u00ed my\u0161len\u00ed a kde prot\u00e9k\u00e1 neust\u00e1le \u0159eka my\u0161lenkov\u00fdch obraz\u016f a abstraktn\u00edch idej\u00ed p\u0159ed na\u0161\u00edm duchovn\u00edm zrakem. \u0160est\u00e1 \u010dakra souvis\u00ed s intuitivn\u00edm, povzbuzuj\u00edc\u00edm elementem, roz\u0161\u00ed\u0159en\u00fdm vid\u011bn\u00edm, skute\u010dnou l\u00e1skou, je spojena s moudrost\u00ed, intuic\u00ed, bla\u017eenost\u00ed. M\u00e1 vztah k hypof\u00fdze a je j\u00ed vlastn\u00ed barva indiga.<\/p>\n<h4 style=\"text-align: justify;\">Sedm\u00e9 centrum energie<\/h4>\n<p style=\"text-align: justify;\">je \u010dakra temene hlavy, jater, k\u016fry nadledvin.<br \/>\nNach\u00e1z\u00ed se na temeni hlavy. T\u00e9to \u010dak\u0159e odpov\u00edd\u00e1 spiritu\u00e1ln\u00ed element vy\u0161\u0161\u00edho stupn\u011b v\u011bdom\u00ed, spirituality. Souvis\u00ed s epif\u00fdzou a jej\u00ed barva je fialov\u00e1. Centrum temene je s\u00eddlem nejvy\u0161\u0161\u00edch energetick\u00fdch vibrac\u00ed v \u010dlov\u011bku. Tyto vibrace se v um\u011bn\u00ed zn\u00e1zor\u0148uj\u00ed \u010dasto jako svatoz\u00e1\u0159, kter\u00e1 obt\u00e1\u010d\u00ed hlavu duchovn\u011b rozvinut\u00e9ho, &#8222;svat\u00e9ho&#8220; \u010dlov\u011bka. Tato \u010dakra m\u00e1 972 paprsk\u016f. Pokud je probuzen\u00e1 a pln\u011b p\u016fsob\u00ed, potom vyza\u0159uje nepopsateln\u00fdmi barvami a vibruje t\u00e9m\u011b\u0159 nezachytitelnou rychlost\u00ed. Kdy\u017e se pln\u011b projev\u00ed, tak je dosa\u017eeno milosti sjednocen\u00ed s bo\u017esk\u00fdm principem.<\/p>\n<p><i>zdroj: Waltraud-Maria Hulke &#8211; Z\u00e1kladn\u00ed kniha l\u00e9\u010div\u00fdch energi\u00ed <\/i><\/p>\n","protected":false},"excerpt":{"rendered":"<p>V\u00c1\u0160 NOV\u00dd SYST\u00c9M \u010cAKER Realita va\u0161eho fyzick\u00e9ho t\u011bla posunuje do sf\u00e9ry mnoha vibruj\u00edc\u00edch prizmatick\u00fdch barev a tan\u010d\u00edc\u00edch energetick\u00fdch vzor\u016f. Na syst\u00e9m \u010daker va\u0161eho t\u011bla lze nahl\u00ed\u017eet jako na energetick\u00fd vzor n\u00e1dhern\u00fdch barev, rotuj\u00edc\u00edch kolem ka\u017ed\u00e9ho z t\u0159in\u00e1cti hlavn\u00edch energetick\u00fdch center. P\u0159edstavte si n\u00e1dhernou kombinaci \u010derven\u00e9, kor\u00e1lov\u011b r\u016f\u017eov\u00e9 a z\u00e1\u0159iv\u00e9 sv\u011btle modr\u00e9, rudo-oran\u017eov\u00e9 a b\u00edl\u00e9 a <a href=\"https:\/\/www.andelskaduchovniterapie.cz\/?page_id=9\" rel=\"nofollow\"><span class=\"sr-only\">P\u0159e\u010d\u00edst si v\u00edc o\u010cakry<\/span>[&#8230;]<\/a><\/p>\n","protected":false},"author":1,"featured_media":0,"parent":0,"menu_order":0,"comment_status":"open","ping_status":"open","template":"","meta":{"footnotes":""},"class_list":["post-9","page","type-page","status-publish","hentry"],"_links":{"self":[{"href":"https:\/\/www.andelskaduchovniterapie.cz\/index.php?rest_route=\/wp\/v2\/pages\/9","targetHints":{"allow":["GET"]}}],"collection":[{"href":"https:\/\/www.andelskaduchovniterapie.cz\/index.php?rest_route=\/wp\/v2\/pages"}],"about":[{"href":"https:\/\/www.andelskaduchovniterapie.cz\/index.php?rest_route=\/wp\/v2\/types\/page"}],"author":[{"embeddable":true,"href":"https:\/\/www.andelskaduchovniterapie.cz\/index.php?rest_route=\/wp\/v2\/users\/1"}],"replies":[{"embeddable":true,"href":"https:\/\/www.andelskaduchovniterapie.cz\/index.php?rest_route=%2Fwp%2Fv2%2Fcomments&post=9"}],"version-history":[{"count":1,"href":"https:\/\/www.andelskaduchovniterapie.cz\/index.php?rest_route=\/wp\/v2\/pages\/9\/revisions"}],"predecessor-version":[{"id":10,"href":"https:\/\/www.andelskaduchovniterapie.cz\/index.php?rest_route=\/wp\/v2\/pages\/9\/revisions\/10"}],"wp:attachment":[{"href":"https:\/\/www.andelskaduchovniterapie.cz\/index.php?rest_route=%2Fwp%2Fv2%2Fmedia&parent=9"}],"curies":[{"name":"wp","href":"https:\/\/api.w.org\/{rel}","templated":true}]}}